{"id":5591,"date":"2025-09-11T13:07:49","date_gmt":"2025-09-11T13:07:49","guid":{"rendered":"https:\/\/dtfpro.ch\/about\/"},"modified":"2026-01-29T15:34:07","modified_gmt":"2026-01-29T13:34:07","slug":"chi-siamo","status":"publish","type":"page","link":"https:\/\/dtfpro.ch\/de\/chi-siamo\/","title":{"rendered":"\u00dcber uns"},"content":{"rendered":"<div data-elementor-type=\"wp-page\" data-elementor-id=\"5591\" class=\"elementor elementor-5591\" data-elementor-post-type=\"page\">\n\t\t\t\t<div class=\"elementor-element elementor-element-42415573 e-flex e-con-boxed e-con e-parent\" data-id=\"42415573\" data-element_type=\"container\" data-e-type=\"container\">\n\t\t\t\t\t<div class=\"e-con-inner\">\n\t\t\t\t<div class=\"elementor-element elementor-element-d67c223 elementor-widget elementor-widget-text-editor\" data-id=\"d67c223\" data-element_type=\"widget\" data-e-type=\"widget\" data-widget_type=\"text-editor.default\">\n\t\t\t\t<div class=\"elementor-widget-container\">\n\t\t\t\t\t\t\t\t\t\n<div class=\"wp-block-uagb-container uagb-block-35459231 alignfull uagb-is-root-container\">\n<div class=\"uagb-container-inner-blocks-wrap\">\n<div class=\"wp-block-uagb-advanced-heading uagb-block-b0540669\">\n<h1 class=\"uagb-heading-text\">Wir sind Ihr zuverl\u00e4ssiger Partner.<\/h1>\n<p>\u00a0<\/p>\n<\/div>\n<\/div>\n<\/div>\n<div class=\"wp-block-uagb-container uagb-layout-grid uagb-block-31a3d8e8 alignfull uagb-is-root-container\">\n<div class=\"uagb-container-inner-blocks-wrap\">\n<div class=\"wp-block-uagb-advanced-heading uagb-block-ad1bed66\">\n<p>\u00a0<\/p>\n<h3 class=\"uagb-desc-text\" style=\"text-align: center;\">Ihr Lieblingsladen.<\/h3>\n<p class=\"uagb-desc-text\" style=\"text-align: left;\"><br \/>DTF Pro freut sich, Sie begr\u00fc\u00dfen zu d\u00fcrfen. Wir sind Ihre ultimative Anlaufstelle f\u00fcr hochwertige DTF-Druckprodukte. Wir haben uns auf Hot-Peel-Folien, DTF-Tinten, Hei\u00dfkleber und wichtiges Zubeh\u00f6r spezialisiert und bieten Komplettl\u00f6sungen f\u00fcr den nahtlosen Direct-to-Film-Druck mit leuchtenden Farben. Unsere Produkte werden pr\u00e4zise hergestellt, um hervorragende Druckergebnisse zu gew\u00e4hrleisten, die Ihre kreativen Visionen zum Leben erwecken. Ganz gleich, ob Sie ein Profi oder ein Hobbyist sind, DTF Pro hat sich verpflichtet, innovative, zuverl\u00e4ssige und kosteng\u00fcnstige L\u00f6sungen zu liefern, um Ihr Druckerlebnis zu verbessern. Verlassen Sie sich auf uns als Ihren Partner, der Ihnen bei jedem Projekt hochwertige Drucke liefert.<\/p>\n<\/div>\n<p>\u00a0<\/p>\n<div class=\"wp-block-uagb-advanced-heading uagb-block-ad1bed66\">\n<p class=\"uagb-desc-text\"><img fetchpriority=\"high\" decoding=\"async\" class=\"uag-image-5662 aligncenter\" style=\"font-style: inherit; font-weight: inherit;\" role=\"img\" src=\"https:\/\/dtfpro.ch\/wp-content\/uploads\/2025\/09\/dtf-pro2.png\" sizes=\"(max-width: 480px) 150px\" srcset=\"https:\/\/dtfpro.ch\/wp-content\/uploads\/2025\/09\/dtf-pro2.png ,https:\/\/dtfpro.ch\/wp-content\/uploads\/2025\/09\/dtf-pro2.png 780w, https:\/\/dtfpro.ch\/wp-content\/uploads\/2025\/09\/dtf-pro2.png 360w\" alt=\"Prodotti e servizi di stampa DTF\" width=\"580\" height=\"399\" \/><\/p>\n<\/div>\n<\/div>\n<\/div>\n\n<div class=\"wp-block-uagb-container uagb-block-8632bd39 alignfull uagb-is-root-container\">\n<div class=\"uagb-container-inner-blocks-wrap\">\n<div class=\"wp-block-uagb-container uagb-block-ea3f452a\">\n<div class=\"wp-block-uagb-image aligncenter uagb-block-757d9965 wp-block-uagb-image--layout-default wp-block-uagb-image--effect-static wp-block-uagb-image--align-center\">\n<figure class=\"wp-block-uagb-image__figure\"><img decoding=\"async\" class=\"uag-image-5663 alignnone\" role=\"img\" src=\"https:\/\/dtfpro.ch\/wp-content\/uploads\/2025\/09\/dtf-pro3.png\" sizes=\"(max-width: 480px) 150px\" srcset=\"https:\/\/dtfpro.ch\/wp-content\/uploads\/2025\/09\/dtf-pro3.png ,https:\/\/dtfpro.ch\/wp-content\/uploads\/2025\/09\/dtf-pro3.png 780w, https:\/\/dtfpro.ch\/wp-content\/uploads\/2025\/09\/dtf-pro3.png 360w\" alt=\"Prodotti e servizi di stampa DTF\" width=\"460\" height=\"500\" \/><\/figure>\n<\/div>\n<\/div>\n\n<div class=\"wp-block-uagb-container uagb-block-af9e60aa\">\n<div class=\"wp-block-uagb-info-box uagb-block-7a52b951 uagb-infobox__content-wrap  uagb-infobox-icon-left uagb-infobox-left uagb-infobox-stacked-mobile uagb-infobox-image-valign-top\">\n<div class=\"uagb-ifb-image-content\"><img decoding=\"async\" src=\"https:\/\/dtfpro.ch\/wp-content\/uploads\/2025\/09\/oeko-tex-confidence-in-textiles-standard-100-logo-vector.svg\" alt=\"\" width=\"117\" height=\"117\" \/><\/div>\n<div class=\"uagb-ifb-content\">\n<div class=\"uagb-ifb-title-wrap\">\n<h3 class=\"uagb-ifb-title\">Zertifizierte Produkte<\/h3>\n<\/div>\n<\/div>\n<\/div>\n\n<div class=\"wp-block-uagb-info-box uagb-block-7c6e413f uagb-infobox__content-wrap  uagb-infobox-icon-below-title uagb-infobox-image-valign-top\">\n<div class=\"uagb-ifb-content\">\n<div class=\"uagb-ifb-title-wrap\">\n<h2 class=\"uagb-ifb-title\">Wir bieten DTF-Produkte und -Dienstleistungen von h\u00f6chster Qualit\u00e4t!<\/h2>\n<\/div>\n<\/div>\n<\/div>\n\n<div class=\"wp-block-uagb-buttons uagb-buttons__outer-wrap uagb-btn__default-btn uagb-btn-tablet__default-btn uagb-btn-mobile__default-btn uagb-block-9f48e03c\">\n<div class=\"uagb-buttons__wrap uagb-buttons-layout-wrap\">\n<div class=\"wp-block-uagb-buttons-child uagb-buttons__outer-wrap uagb-block-21f702fb wp-block-button\">\n<div class=\"uagb-button__wrapper\">\n<h3 class=\"uagb-button__link\"><span style=\"text-decoration: underline;\"><span style=\"color: #3366ff;\"><a style=\"color: #3366ff; text-decoration: underline;\" href=\"https:\/\/dtfpro.ch\/de\/shop\/\">Kaufen Sie ein!<\/a><\/span><\/span><\/h3>\n<\/div>\n<\/div>\n<\/div>\n<\/div>\n<\/div>\n<\/div>\n<\/div>\n\t\t\t\t\t\t\t\t<\/div>\n\t\t\t\t<\/div>\n\t\t\t\t\t<\/div>\n\t\t\t\t<\/div>\n\t\t\t\t<\/div>","protected":false},"excerpt":{"rendered":"","protected":false},"author":1,"featured_media":0,"parent":0,"menu_order":0,"comment_status":"closed","ping_status":"closed","template":"elementor_header_footer","meta":{"zakra_page_container_layout":"customizer","zakra_page_sidebar_layout":"customizer","zakra_remove_content_margin":false,"zakra_sidebar":"customizer","zakra_transparent_header":"customizer","zakra_logo":0,"zakra_main_header_style":"default","zakra_menu_item_color":"","zakra_menu_item_hover_color":"","zakra_menu_item_active_color":"","zakra_menu_active_style":"","zakra_page_header":false,"footnotes":""},"folder":[],"class_list":["post-5591","page","type-page","status-publish","hentry"],"_hostinger_reach_plugin_has_subscription_block":false,"_hostinger_reach_plugin_is_elementor":false,"_links":{"self":[{"href":"https:\/\/dtfpro.ch\/de\/wp-json\/wp\/v2\/pages\/5591","targetHints":{"allow":["GET"]}}],"collection":[{"href":"https:\/\/dtfpro.ch\/de\/wp-json\/wp\/v2\/pages"}],"about":[{"href":"https:\/\/dtfpro.ch\/de\/wp-json\/wp\/v2\/types\/page"}],"author":[{"embeddable":true,"href":"https:\/\/dtfpro.ch\/de\/wp-json\/wp\/v2\/users\/1"}],"replies":[{"embeddable":true,"href":"https:\/\/dtfpro.ch\/de\/wp-json\/wp\/v2\/comments?post=5591"}],"version-history":[{"count":38,"href":"https:\/\/dtfpro.ch\/de\/wp-json\/wp\/v2\/pages\/5591\/revisions"}],"predecessor-version":[{"id":6196,"href":"https:\/\/dtfpro.ch\/de\/wp-json\/wp\/v2\/pages\/5591\/revisions\/6196"}],"wp:attachment":[{"href":"https:\/\/dtfpro.ch\/de\/wp-json\/wp\/v2\/media?parent=5591"}],"wp:term":[{"taxonomy":"folder","embeddable":true,"href":"https:\/\/dtfpro.ch\/de\/wp-json\/wp\/v2\/folder?post=5591"}],"curies":[{"name":"wp","href":"https:\/\/api.w.org\/{rel}","templated":true}]}}