{"id":6364,"date":"2026-02-03T13:11:26","date_gmt":"2026-02-03T11:11:26","guid":{"rendered":"https:\/\/dtfpro.ch\/?page_id=6364"},"modified":"2026-02-03T13:17:29","modified_gmt":"2026-02-03T11:17:29","slug":"terms-and-privacy","status":"publish","type":"page","link":"https:\/\/dtfpro.ch\/de\/terms-and-privacy\/","title":{"rendered":"Bedingungen und Datenschutz"},"content":{"rendered":"<div data-elementor-type=\"wp-page\" data-elementor-id=\"6364\" class=\"elementor elementor-6364\" data-elementor-post-type=\"page\">\n\t\t\t\t<div class=\"elementor-element elementor-element-3c3c46b e-flex e-con-boxed e-con e-parent\" data-id=\"3c3c46b\" data-element_type=\"container\" data-e-type=\"container\">\n\t\t\t\t\t<div class=\"e-con-inner\">\n\t\t\t\t<div class=\"elementor-element elementor-element-53ec531 elementor-widget elementor-widget-heading\" data-id=\"53ec531\" data-element_type=\"widget\" data-e-type=\"widget\" data-widget_type=\"heading.default\">\n\t\t\t\t<div class=\"elementor-widget-container\">\n\t\t\t\t\t<h2 class=\"elementor-heading-title elementor-size-default\">Bedingungen und Datenschutz<\/h2>\t\t\t\t<\/div>\n\t\t\t\t<\/div>\n\t\t\t\t\t<\/div>\n\t\t\t\t<\/div>\n\t\t<div class=\"elementor-element elementor-element-dd02fb8 e-flex e-con-boxed e-con e-parent\" data-id=\"dd02fb8\" data-element_type=\"container\" data-e-type=\"container\">\n\t\t\t\t\t<div class=\"e-con-inner\">\n\t\t\t\t<div class=\"elementor-element elementor-element-4e5c8ec elementor-widget elementor-widget-text-editor\" data-id=\"4e5c8ec\" data-element_type=\"widget\" data-e-type=\"widget\" data-widget_type=\"text-editor.default\">\n\t\t\t\t<div class=\"elementor-widget-container\">\n\t\t\t\t\t\t\t\t\t<p><span style=\"color: #000000;\">Datenschutz und Cookie-Richtlinie.<\/span><\/p><p><br \/><span style=\"color: #000000;\">In \u00dcbereinstimmung mit dem geltenden Schweizer Recht verpflichten wir uns, Ihre Online-Daten zu sch\u00fctzen und zu respektieren. Auf dieser Seite erfahren Sie, wie wir Ihre pers\u00f6nlichen Daten sammeln, nutzen und verarbeiten und wie wir Cookies auf unserer Website verwenden. Bitte lesen Sie diese Richtlinie sorgf\u00e4ltig durch, um unsere Datenschutzpraktiken zu verstehen.<\/span><\/p><p>\u00a0<\/p><p><span style=\"color: #000000;\">Vielen Dank f\u00fcr Ihren Besuch in unserem Online Shop. Der Schutz Ihrer Privatsph\u00e4re ist uns wichtig und wir verpflichten uns, Ihre pers\u00f6nlichen Daten in \u00dcbereinstimmung mit den Schweizer Datenschutzgesetzen zu sch\u00fctzen.<\/span><\/p><p><span style=\"color: #000000;\">Sammeln von Informationen<\/span><\/p><p><span style=\"color: #000000;\">Wir erfassen personenbezogene Daten nur dann, wenn sie uns von Kunden w\u00e4hrend des Bestellvorgangs oder der Registrierung auf unserer Website freiwillig zur Verf\u00fcgung gestellt werden. Diese Informationen k\u00f6nnen Ihren Namen, Ihre E-Mail-Adresse, Ihre Lieferadresse, Zahlungsinformationen und andere f\u00fcr Ihren Einkauf relevante Informationen umfassen.<\/span><\/p><p><span style=\"color: #000000;\">Nutzung von Informationen<\/span><\/p><p><span style=\"color: #000000;\">Wir verwenden die von uns gesammelten personenbezogenen Daten ausschlie\u00dflich zur Abwicklung von Bestellungen, zur Bereitstellung von Kundendienstleistungen, zur Verbesserung unserer Dienstleistungen und zur Kommunikation mit Ihnen \u00fcber Sonderangebote, Werbeaktionen oder Aktualisierungen im Zusammenhang mit Ihrer Bestellung. Wir werden Ihre personenbezogenen Daten ohne Ihre ausdr\u00fcckliche Zustimmung nicht an Dritte weitergeben, verkaufen oder vermieten, es sei denn, dies ist zur Erf\u00fcllung unserer vertraglichen Verpflichtungen gegen\u00fcber Dienstleistern erforderlich (z. B. f\u00fcr die Lieferung von Bestellungen).<\/span><\/p><p><span style=\"color: #000000;\">Datensicherheit<\/span><\/p><p><span style=\"color: #000000;\">Wir ergreifen geeignete Sicherheitsma\u00dfnahmen, um Ihre personenbezogenen Daten vor unbefugtem Zugriff, Verlust oder Besch\u00e4digung zu sch\u00fctzen. Wir verwenden sichere Technologien zur Verschl\u00fcsselung sensibler Daten w\u00e4hrend der \u00dcbertragung und unterhalten strenge Kontrollverfahren zur Gew\u00e4hrleistung der Datensicherheit.<\/span><\/p><p><span style=\"color: #000000;\">Rechte der betroffenen Person<\/span><\/p><p><span style=\"color: #000000;\">Sie haben das Recht, auf Ihre personenbezogenen Daten zuzugreifen, sie zu korrigieren, wenn sie ungenau oder veraltet sind, und ihre L\u00f6schung aus unserem System zu verlangen. Sie k\u00f6nnen diese Rechte aus\u00fcben, indem Sie uns \u00fcber die unten stehenden Kontaktdaten kontaktieren.<\/span><\/p><p><span style=\"color: #000000;\">\u00c4nderungen an unserer Datenschutzpolitik<\/span><\/p><p><span style=\"color: #000000;\">Wir behalten uns das Recht vor, diese Richtlinie jederzeit zu \u00e4ndern. \u00c4nderungen werden auf dieser Seite ver\u00f6ffentlicht und treten unmittelbar nach der Ver\u00f6ffentlichung in Kraft. Wir empfehlen Ihnen, diese Seite regelm\u00e4\u00dfig zu besuchen, um \u00fcber unsere Datenschutzpraktiken auf dem Laufenden zu bleiben.<\/span><\/p><p><span style=\"color: #000000;\">Kontakt<\/span><\/p><p><span style=\"color: #000000;\">Wenn Sie Fragen oder Bedenken bez\u00fcglich unserer Datenschutzpolitik oder der Art und Weise haben, wie wir mit Ihren pers\u00f6nlichen Daten umgehen, kontaktieren Sie uns bitte unter info@dtfpro.ch.<\/span><\/p>\t\t\t\t\t\t\t\t<\/div>\n\t\t\t\t<\/div>\n\t\t\t\t\t<\/div>\n\t\t\t\t<\/div>\n\t\t\t\t<\/div>","protected":false},"excerpt":{"rendered":"<p>Termini e Privacy Informativa sulla privacy e sui cookie. In ottemperanza alle normative svizzere vigenti, ci impegniamo a tutelare e rispettare la tua privacy online. Questa pagina illustra le modalit\u00e0 di raccolta, utilizzo e trattamento dei tuoi dati personali e l&#8217;uso dei cookie sul nostro sito. Ti invitiamo a leggere attentamente questa informativa per comprendere [&hellip;]<\/p>\n","protected":false},"author":1,"featured_media":0,"parent":0,"menu_order":0,"comment_status":"closed","ping_status":"closed","template":"elementor_header_footer","meta":{"zakra_page_container_layout":"customizer","zakra_page_sidebar_layout":"customizer","zakra_remove_content_margin":false,"zakra_sidebar":"customizer","zakra_transparent_header":"customizer","zakra_logo":0,"zakra_main_header_style":"default","zakra_menu_item_color":"","zakra_menu_item_hover_color":"","zakra_menu_item_active_color":"","zakra_menu_active_style":"","zakra_page_header":true,"footnotes":""},"folder":[],"class_list":["post-6364","page","type-page","status-publish","hentry"],"_hostinger_reach_plugin_has_subscription_block":false,"_hostinger_reach_plugin_is_elementor":false,"_links":{"self":[{"href":"https:\/\/dtfpro.ch\/de\/wp-json\/wp\/v2\/pages\/6364","targetHints":{"allow":["GET"]}}],"collection":[{"href":"https:\/\/dtfpro.ch\/de\/wp-json\/wp\/v2\/pages"}],"about":[{"href":"https:\/\/dtfpro.ch\/de\/wp-json\/wp\/v2\/types\/page"}],"author":[{"embeddable":true,"href":"https:\/\/dtfpro.ch\/de\/wp-json\/wp\/v2\/users\/1"}],"replies":[{"embeddable":true,"href":"https:\/\/dtfpro.ch\/de\/wp-json\/wp\/v2\/comments?post=6364"}],"version-history":[{"count":4,"href":"https:\/\/dtfpro.ch\/de\/wp-json\/wp\/v2\/pages\/6364\/revisions"}],"predecessor-version":[{"id":6369,"href":"https:\/\/dtfpro.ch\/de\/wp-json\/wp\/v2\/pages\/6364\/revisions\/6369"}],"wp:attachment":[{"href":"https:\/\/dtfpro.ch\/de\/wp-json\/wp\/v2\/media?parent=6364"}],"wp:term":[{"taxonomy":"folder","embeddable":true,"href":"https:\/\/dtfpro.ch\/de\/wp-json\/wp\/v2\/folder?post=6364"}],"curies":[{"name":"wp","href":"https:\/\/api.w.org\/{rel}","templated":true}]}}