{"id":879,"date":"2026-02-03T13:08:38","date_gmt":"2026-02-03T11:08:38","guid":{"rendered":"https:\/\/zakrademos.com\/agency\/?page_id=879"},"modified":"2026-02-03T13:42:04","modified_gmt":"2026-02-03T11:42:04","slug":"refund_returns","status":"publish","type":"page","link":"https:\/\/dtfpro.ch\/de\/refund_returns\/","title":{"rendered":"Erstattungs- und R\u00fcckgabebestimmungen"},"content":{"rendered":"<div data-elementor-type=\"wp-page\" data-elementor-id=\"879\" class=\"elementor elementor-879\" data-elementor-post-type=\"page\">\n\t\t\t\t<div class=\"elementor-element elementor-element-3bde9945 e-flex e-con-boxed e-con e-parent\" data-id=\"3bde9945\" data-element_type=\"container\" data-e-type=\"container\">\n\t\t\t\t\t<div class=\"e-con-inner\">\n\t\t\t\t<div class=\"elementor-element elementor-element-5d005b1a elementor-widget elementor-widget-text-editor\" data-id=\"5d005b1a\" data-element_type=\"widget\" data-e-type=\"widget\" data-widget_type=\"text-editor.default\">\n\t\t\t\t<div class=\"elementor-widget-container\">\n\t\t\t\t\t\t\t\t\t<div class=\"elementor-element elementor-element-undefined-f189a27 e-flex e-con-boxed e-con e-parent e-lazyloaded\" data-id=\"undefined-f189a27\" data-element_type=\"container\" data-settings=\"{&quot;background_background&quot;:&quot;classic&quot;}\">\n<div class=\"e-con-inner\">\n<div class=\"elementor-element elementor-element-undefined-5f5e2dd e-con-full e-flex e-con e-child\" data-id=\"undefined-5f5e2dd\" data-element_type=\"container\">\n<div class=\"elementor-element elementor-element-undefined-1c05a54 elementor-widget elementor-widget-heading\" data-id=\"undefined-1c05a54\" data-element_type=\"widget\" data-widget_type=\"heading.default\">\n<div class=\"elementor-widget-container\">\n<h2 class=\"elementor-heading-title elementor-size-default\">Unsere Bestell- und Versandpolitik<\/h2>\n<\/div>\n<\/div>\n<div class=\"elementor-element elementor-element-undefined-8e72bd9 elementor-widget elementor-widget-text-editor\" data-id=\"undefined-8e72bd9\" data-element_type=\"widget\" data-widget_type=\"text-editor.default\">\n<div class=\"elementor-widget-container\">\n<p>Wir bearbeiten Bestellungen innerhalb von 3 Arbeitstagen ab dem Datum der Anfrage.&nbsp;<\/p>\n<p>Der Versand erfolgt innerhalb von maximal 7 Werktagen nach der Bestellung.<\/p>\n<\/div>\n<\/div>\n<\/div>\n<div class=\"elementor-element elementor-element-undefined-2941e57 e-con-full e-flex e-con e-child\" data-id=\"undefined-2941e57\" data-element_type=\"container\">\n<div class=\"elementor-element elementor-element-undefined-bc8a483 e-con-full e-flex e-con e-child\" data-id=\"undefined-bc8a483\" data-element_type=\"container\">\n<div class=\"elementor-element elementor-element-undefined-56ba7b8 elementor-widget__width-initial elementor-widget-mobile__width-inherit elementor-position-inline-start elementor-view-default elementor-mobile-position-block-start elementor-widget elementor-widget-icon-box\" data-id=\"undefined-56ba7b8\" data-element_type=\"widget\" data-widget_type=\"icon-box.default\">\n<div class=\"elementor-widget-container\">\n<div class=\"elementor-icon-box-wrapper\">\n<div class=\"elementor-icon-box-icon\">&nbsp;<\/div>\n<div class=\"elementor-icon-box-content\">\n<h3 class=\"elementor-icon-box-title\">Modus 1 Hauszustellung<\/h3>\n<p class=\"elementor-icon-box-description\">Der Versand erfolgt innerhalb von 7 Werktagen ab dem Bestelldatum. DTFpro \u00fcbergibt Ihre Bestellung an den Kurier, der sie an die von Ihnen in der Bestellung angegebene Adresse liefert.<\/p>\n<\/div>\n<\/div>\n<\/div>\n<\/div>\n<div class=\"elementor-element elementor-element-undefined-2d05798 elementor-widget-mobile__width-inherit elementor-widget elementor-widget-heading\" data-id=\"undefined-2d05798\" data-element_type=\"widget\" data-widget_type=\"heading.default\">\n<div class=\"elementor-widget-container\">\n<h2 class=\"elementor-heading-title elementor-size-default\">+14 CHF<\/h2>\n<\/div>\n<\/div>\n<\/div>\n<div class=\"elementor-element elementor-element-undefined-182144c e-con-full e-flex e-con e-child\" data-id=\"undefined-182144c\" data-element_type=\"container\">\n<div class=\"elementor-element elementor-element-undefined-2ad93c3 elementor-widget__width-initial elementor-widget-mobile__width-inherit elementor-position-inline-start elementor-view-default elementor-mobile-position-block-start elementor-widget elementor-widget-icon-box\" data-id=\"undefined-2ad93c3\" data-element_type=\"widget\" data-widget_type=\"icon-box.default\">\n<div class=\"elementor-widget-container\">\n<div class=\"elementor-icon-box-wrapper\">\n<div class=\"elementor-icon-box-icon\">&nbsp;<\/div>\n<div class=\"elementor-icon-box-content\">\n<h3 class=\"elementor-icon-box-title\">Mode 2 Kollektion im Shop<\/h3>\n<p class=\"elementor-icon-box-description\">Nach 7 Tagen ab Bestelldatum und nach Benachrichtigung per E-Mail oder Telefon k\u00f6nnen Sie das Paket in unserem Gesch\u00e4ft abholen und sparen so die Versandkosten.<\/p>\n<p class=\"elementor-icon-box-description\"><span style=\"color: #000000;\"><strong>Kostenfrei.<\/strong><\/span><\/p>\n<\/div>\n<\/div>\n<\/div>\n<\/div>\n<\/div>\n<div class=\"elementor-element elementor-element-undefined-bc15962 e-con-full e-flex e-con e-child\" data-id=\"undefined-bc15962\" data-element_type=\"container\" data-settings=\"{&quot;background_background&quot;:&quot;classic&quot;}\">&nbsp;<\/div>\n<\/div>\n<\/div>\n<\/div>\n<div class=\"elementor-element elementor-element-50dd81b e-flex e-con-boxed e-con e-parent e-lazyloaded\" data-id=\"50dd81b\" data-element_type=\"container\">\n<div class=\"e-con-inner\">\n<div class=\"elementor-element elementor-element-40e8b4e elementor-widget elementor-widget-text-editor\" data-id=\"40e8b4e\" data-element_type=\"widget\" data-widget_type=\"text-editor.default\">\n<div class=\"elementor-widget-container\">\n<h2 class=\"smepPp9 o__9K3pMQ---typography-11-runningText o__9K3pMQ---priority-7-primary _HOcyB x4nptw sxbtulv\" aria-hidden=\"false\" data-hook=\"info-section-title\"><strong>R\u00dcCKGABE UND R\u00dcCKGABEPOLITIK<\/strong><\/h2>\n<div class=\"aecizt QfrfFD cell\">&nbsp;<\/div>\n<div class=\"rah-static rah-static--height-auto\" aria-hidden=\"false\">\n<div class=\"ulKuLk QfrfFD cell\">\n<div class=\"zp8uy2\" data-hook=\"info-section-description\">\n<p>R\u00fccksendungen und R\u00fcckerstattungen sind f\u00fcr kundenspezifische Filmrollen nicht m\u00f6glich.&nbsp;<\/p>\n<p>R\u00fcckgaben sind nur f\u00fcr ganze Rollen und unge\u00f6ffnete Tintenflaschen innerhalb von 5 Werktagen nach Erhalt m\u00f6glich. .&nbsp;&nbsp;<\/p><p>Im Falle einer R\u00fcckgabe wird das Geld auf das beim Kauf verwendete Zahlungsmittel zur\u00fcckgebucht.&nbsp;<\/p>\n<\/div>\n<\/div>\n<\/div>\n<\/div>\n<\/div>\n<\/div>\n<\/div>\t\t\t\t\t\t\t\t<\/div>\n\t\t\t\t<\/div>\n\t\t\t\t\t<\/div>\n\t\t\t\t<\/div>\n\t\t\t\t<\/div>","protected":false},"excerpt":{"rendered":"<p>La nostra politica di ordini e spedizioni Procediamo all\u2019evasione degli ordini entro 3 giorni lavorativi dalla data della richiesta.&nbsp; La spedizione avviene in massimo 7 giorni lavorativi dall\u2019ordine. &nbsp; Modalit\u00e0 1 Consegna a domicilio La spedizione avviene entro 7 giorni lavorativi dalla data dell&#8217;ordine. DTFpro affida il vostro ordine nelle mani del corriere, il quale [&hellip;]<\/p>\n","protected":false},"author":1,"featured_media":0,"parent":0,"menu_order":0,"comment_status":"closed","ping_status":"closed","template":"elementor_header_footer","meta":{"zakra_page_container_layout":"customizer","zakra_page_sidebar_layout":"customizer","zakra_remove_content_margin":false,"zakra_sidebar":"customizer","zakra_transparent_header":"customizer","zakra_logo":0,"zakra_main_header_style":"default","zakra_menu_item_color":"","zakra_menu_item_hover_color":"","zakra_menu_item_active_color":"","zakra_menu_active_style":"","zakra_page_header":false,"footnotes":""},"folder":[],"class_list":["post-879","page","type-page","status-publish","hentry"],"_hostinger_reach_plugin_has_subscription_block":false,"_hostinger_reach_plugin_is_elementor":false,"_links":{"self":[{"href":"https:\/\/dtfpro.ch\/de\/wp-json\/wp\/v2\/pages\/879","targetHints":{"allow":["GET"]}}],"collection":[{"href":"https:\/\/dtfpro.ch\/de\/wp-json\/wp\/v2\/pages"}],"about":[{"href":"https:\/\/dtfpro.ch\/de\/wp-json\/wp\/v2\/types\/page"}],"author":[{"embeddable":true,"href":"https:\/\/dtfpro.ch\/de\/wp-json\/wp\/v2\/users\/1"}],"replies":[{"embeddable":true,"href":"https:\/\/dtfpro.ch\/de\/wp-json\/wp\/v2\/comments?post=879"}],"version-history":[{"count":5,"href":"https:\/\/dtfpro.ch\/de\/wp-json\/wp\/v2\/pages\/879\/revisions"}],"predecessor-version":[{"id":6374,"href":"https:\/\/dtfpro.ch\/de\/wp-json\/wp\/v2\/pages\/879\/revisions\/6374"}],"wp:attachment":[{"href":"https:\/\/dtfpro.ch\/de\/wp-json\/wp\/v2\/media?parent=879"}],"wp:term":[{"taxonomy":"folder","embeddable":true,"href":"https:\/\/dtfpro.ch\/de\/wp-json\/wp\/v2\/folder?post=879"}],"curies":[{"name":"wp","href":"https:\/\/api.w.org\/{rel}","templated":true}]}}