{"id":5593,"date":"2025-09-11T13:07:49","date_gmt":"2025-09-11T13:07:49","guid":{"rendered":"https:\/\/dtfpro.ch\/product\/cashew-butter-2\/"},"modified":"2026-02-16T16:30:26","modified_gmt":"2026-02-16T14:30:26","slug":"inchiostro-magenta","status":"publish","type":"product","link":"https:\/\/dtfpro.ch\/de\/product\/inchiostro-magenta\/","title":{"rendered":"Magenta Tinte DTF 1lt"},"content":{"rendered":"<p>Premium-Magenta-Tinte f\u00fcr DTF-Druck<\/p>\n<p>Verbessern Sie Ihre digitalen Textildruckprojekte mit der 1-Liter-DTF (Direct-to-Film)-Magenta-Tinte, einem hochwertigen Produkt, das lebendige, haltbare Drucke garantiert. Diese Tinte wurde speziell f\u00fcr DTF-Drucker entwickelt und liefert lebendige, farbgetreue Magenta-T\u00f6ne, die daf\u00fcr sorgen, dass jedes Design mit unvergleichlicher Sch\u00e4rfe und Brillanz hervorsticht. Ob Sie nun ein professioneller Bekleidungsdrucker oder ein Hobbyist sind, diese Tinte ist die perfekte Wahl, um Ihre Kreationen zum Leben zu erwecken.<\/p>\n<p>Lebendige Farben und unvergleichliche Zuverl\u00e4ssigkeit.<\/p>\n<p>Die Tinte Magenta DTF 1lt wurde speziell entwickelt, um konsistente und zuverl\u00e4ssige Ergebnisse zu gew\u00e4hrleisten. Ihre fortschrittliche Pigmenttechnologie garantiert eine starke Farbs\u00e4ttigung und gleichm\u00e4\u00dfige Schattierungen, wodurch sie sich ideal f\u00fcr den Druck komplexer Designs auf verschiedenen Stoffarten wie Baumwolle, Polyester und Mischgewebe eignet. Die Tinte ist lichtecht und sorgt daf\u00fcr, dass die Drucke auch nach zahlreichen W\u00e4schen ihre Lebendigkeit behalten.<\/p>\n<p>Warum DTF Magenta Ink 1lt w\u00e4hlen?<\/p>\n<p>Diese auf Effizienz und Qualit\u00e4t ausgelegte Tinte l\u00e4sst sich nahtlos in die meisten DTF-Drucker integrieren und gew\u00e4hrleistet einen reibungslosen Betrieb ohne Verstopfungen oder Unterbrechungen. Ihre wartungsarme Formel reduziert Ausfallzeiten, spart Zeit und erh\u00f6ht die Produktivit\u00e4t. Dar\u00fcber hinaus ist sie aufgrund ihrer umweltfreundlichen Zusammensetzung eine verantwortungsvolle Wahl f\u00fcr umweltbewusste Anwender.<\/p>\n<p>Entdecken Sie die perfekte Balance zwischen Erschwinglichkeit und Premiumqualit\u00e4t. Mit der DTF 1-Liter-Tinte in Magenta erzielen Sie hervorragende Druckergebnisse und haben gleichzeitig Ihre Produktionskosten unter Kontrolle. Bringen Sie Ihre Druckprojekte mit dieser zuverl\u00e4ssigen, leistungsstarken Tinte auf die n\u00e4chste Stufe.<\/p>","protected":false},"excerpt":{"rendered":"<h6>Magenta Tinte DTF 1lt<\/h6>","protected":false},"featured_media":6495,"comment_status":"open","ping_status":"closed","template":"","meta":{"zakra_page_container_layout":"customizer","zakra_page_sidebar_layout":"customizer","zakra_remove_content_margin":false,"zakra_sidebar":"customizer","zakra_transparent_header":"customizer","zakra_logo":0,"zakra_main_header_style":"default","zakra_menu_item_color":"","zakra_menu_item_hover_color":"","zakra_menu_item_active_color":"","zakra_menu_active_style":"","zakra_page_header":true},"product_brand":[],"product_cat":[16],"product_tag":[],"class_list":{"0":"post-5593","1":"product","2":"type-product","3":"status-publish","4":"has-post-thumbnail","6":"product_cat-ink","8":"first","9":"instock","10":"taxable","11":"shipping-taxable","12":"purchasable","13":"product-type-simple"},"_links":{"self":[{"href":"https:\/\/dtfpro.ch\/de\/wp-json\/wp\/v2\/product\/5593","targetHints":{"allow":["GET"]}}],"collection":[{"href":"https:\/\/dtfpro.ch\/de\/wp-json\/wp\/v2\/product"}],"about":[{"href":"https:\/\/dtfpro.ch\/de\/wp-json\/wp\/v2\/types\/product"}],"replies":[{"embeddable":true,"href":"https:\/\/dtfpro.ch\/de\/wp-json\/wp\/v2\/comments?post=5593"}],"version-history":[{"count":2,"href":"https:\/\/dtfpro.ch\/de\/wp-json\/wp\/v2\/product\/5593\/revisions"}],"predecessor-version":[{"id":6461,"href":"https:\/\/dtfpro.ch\/de\/wp-json\/wp\/v2\/product\/5593\/revisions\/6461"}],"wp:featuredmedia":[{"embeddable":true,"href":"https:\/\/dtfpro.ch\/de\/wp-json\/wp\/v2\/media\/6495"}],"wp:attachment":[{"href":"https:\/\/dtfpro.ch\/de\/wp-json\/wp\/v2\/media?parent=5593"}],"wp:term":[{"taxonomy":"product_brand","embeddable":true,"href":"https:\/\/dtfpro.ch\/de\/wp-json\/wp\/v2\/product_brand?post=5593"},{"taxonomy":"product_cat","embeddable":true,"href":"https:\/\/dtfpro.ch\/de\/wp-json\/wp\/v2\/product_cat?post=5593"},{"taxonomy":"product_tag","embeddable":true,"href":"https:\/\/dtfpro.ch\/de\/wp-json\/wp\/v2\/product_tag?post=5593"}],"curies":[{"name":"wp","href":"https:\/\/api.w.org\/{rel}","templated":true}]}}