{"id":5594,"date":"2025-09-11T13:07:49","date_gmt":"2025-09-11T13:07:49","guid":{"rendered":"https:\/\/dtfpro.ch\/product\/organic-face-scrub-2\/"},"modified":"2026-02-16T16:31:47","modified_gmt":"2026-02-16T14:31:47","slug":"inchiostro-giallo","status":"publish","type":"product","link":"https:\/\/dtfpro.ch\/de\/product\/inchiostro-giallo\/","title":{"rendered":"DTF Gelbe Tinte 1lt"},"content":{"rendered":"<p>Verbessern Sie Ihre Ausdrucke mit DTF 1 Liter gelber Tinte.<\/p>\n<p>Die gelbe DTF-Tinte (1 Liter) ist die ultimative L\u00f6sung f\u00fcr lebendige, professionelle Drucke. Speziell f\u00fcr Direct-to-Film (DTF) Drucksysteme entwickelt, garantiert diese hochwertige Tinte au\u00dfergew\u00f6hnliche Farbgenauigkeit, Haltbarkeit und optimale Leistung. Ganz gleich, ob Sie individuelle Kleidung, Werbematerialien oder komplizierte Designs erstellen, diese gelbe DTF-Tinte ist so konzipiert, dass sie jedes Mal un\u00fcbertroffene Brillanz und Zuverl\u00e4ssigkeit bietet.<\/p>\n<p>Hohe Leistung und Kompatibilit\u00e4t<\/p>\n<p>Die gelbe 1-Liter-Tinte von DTF ist so konzipiert, dass sie sich nahtlos in die meisten DTF-Drucker integrieren l\u00e4sst, und wurde f\u00fcr ein besonders fl\u00fcssiges und gleichm\u00e4\u00dfiges Druckbild entwickelt. Ihre optimierte Viskosit\u00e4t sorgt f\u00fcr einen reibungslosen Betrieb und minimiert Verstopfungen und Wartungsanforderungen. Dank ihrer universellen Kompatibilit\u00e4t ist diese Tinte perfekt f\u00fcr eine Vielzahl von Anwendungen geeignet und bietet Vielseitigkeit f\u00fcr alle Ihre Druckanforderungen.<\/p>\n<p>Er garantiert au\u00dfergew\u00f6hnliche Ergebnisse auf Stoffen aller Art, von Baumwolle bis zu Polyestermischungen. Seine fortschrittliche Pigmentierung garantiert leuchtende, lebendige Farben, die hervorstechen und Ihre Designs mit au\u00dfergew\u00f6hnlichen Details aufwerten.<\/p>\n<p>Langlebigkeit, auf die man sich verlassen kann.<\/p>\n<p>Die 1-Liter-DTF-Tinte in Gelb sorgt daf\u00fcr, dass Ihre Motive die Zeit \u00fcberdauern. Nach dem Aush\u00e4rten bildet die Tinte eine robuste Schicht, die Abnutzung, Rei\u00dfen und Verblassen widersteht, so dass Ihre Motive auch nach zahlreichen W\u00e4schen erhalten bleiben. Dank ihrer dauerhaften Qualit\u00e4t ist sie die ideale Wahl f\u00fcr die Gestaltung von Produkten, die bei Ihren Kunden einen bleibenden Eindruck hinterlassen.<\/p>\n<p>Diese Tinte ist nicht nur langlebig, sondern auch umweltfreundlich und frei von sch\u00e4dlichen Chemikalien, was zu einem umweltfreundlichen Druckprozess beitr\u00e4gt. Sie k\u00f6nnen sicher sein, dass Sie ein hochwertiges Produkt verwenden, das mit den Zielen der Nachhaltigkeit im Einklang steht.<br \/>\nWarum DTF 1L gelbe Tinte w\u00e4hlen?<\/p>\n<p>Wenn es um DTF-Druck geht, kann die richtige Tinte den Unterschied ausmachen. Das ist der Grund, warum die DTF Yellow Ink 1lt so besonders ist:<\/p>\n<p>- Hochwertige gelbe Tinte f\u00fcr au\u00dfergew\u00f6hnliche Lebendigkeit;<br \/>\n- Perfekte Kompatibilit\u00e4t mit verschiedenen DTF-Druckern;<br \/>\n- bessere Flie\u00dff\u00e4higkeit und minimale Verstopfung;<br \/>\nLanglebige und verblassungsbest\u00e4ndige Drucke.<br \/>\nSichere und umweltfreundliche Formel.<\/p>\n<p>Mit der gelben Tinte DTF 1L bringen Sie jeden Druck zum Leuchten. Dieses Produkt wurde entwickelt, um die Bed\u00fcrfnisse sowohl von erfahrenen Profis als auch von Anf\u00e4ngern in der Welt des Druckens zu erf\u00fcllen und garantiert zuverl\u00e4ssige, hochwertige Ergebnisse f\u00fcr jedes Projekt.<\/p>","protected":false},"excerpt":{"rendered":"<h6>DTF Gelbe Tinte 1lt<\/h6>","protected":false},"featured_media":6498,"comment_status":"open","ping_status":"closed","template":"","meta":{"zakra_page_container_layout":"customizer","zakra_page_sidebar_layout":"customizer","zakra_remove_content_margin":false,"zakra_sidebar":"customizer","zakra_transparent_header":"customizer","zakra_logo":0,"zakra_main_header_style":"default","zakra_menu_item_color":"","zakra_menu_item_hover_color":"","zakra_menu_item_active_color":"","zakra_menu_active_style":"","zakra_page_header":true},"product_brand":[],"product_cat":[16],"product_tag":[],"class_list":{"0":"post-5594","1":"product","2":"type-product","3":"status-publish","4":"has-post-thumbnail","6":"product_cat-ink","8":"first","9":"instock","10":"featured","11":"taxable","12":"shipping-taxable","13":"purchasable","14":"product-type-simple"},"_links":{"self":[{"href":"https:\/\/dtfpro.ch\/de\/wp-json\/wp\/v2\/product\/5594","targetHints":{"allow":["GET"]}}],"collection":[{"href":"https:\/\/dtfpro.ch\/de\/wp-json\/wp\/v2\/product"}],"about":[{"href":"https:\/\/dtfpro.ch\/de\/wp-json\/wp\/v2\/types\/product"}],"replies":[{"embeddable":true,"href":"https:\/\/dtfpro.ch\/de\/wp-json\/wp\/v2\/comments?post=5594"}],"version-history":[{"count":2,"href":"https:\/\/dtfpro.ch\/de\/wp-json\/wp\/v2\/product\/5594\/revisions"}],"predecessor-version":[{"id":6104,"href":"https:\/\/dtfpro.ch\/de\/wp-json\/wp\/v2\/product\/5594\/revisions\/6104"}],"wp:featuredmedia":[{"embeddable":true,"href":"https:\/\/dtfpro.ch\/de\/wp-json\/wp\/v2\/media\/6498"}],"wp:attachment":[{"href":"https:\/\/dtfpro.ch\/de\/wp-json\/wp\/v2\/media?parent=5594"}],"wp:term":[{"taxonomy":"product_brand","embeddable":true,"href":"https:\/\/dtfpro.ch\/de\/wp-json\/wp\/v2\/product_brand?post=5594"},{"taxonomy":"product_cat","embeddable":true,"href":"https:\/\/dtfpro.ch\/de\/wp-json\/wp\/v2\/product_cat?post=5594"},{"taxonomy":"product_tag","embeddable":true,"href":"https:\/\/dtfpro.ch\/de\/wp-json\/wp\/v2\/product_tag?post=5594"}],"curies":[{"name":"wp","href":"https:\/\/api.w.org\/{rel}","templated":true}]}}