{"id":5595,"date":"2025-09-11T13:07:49","date_gmt":"2025-09-11T13:07:49","guid":{"rendered":"https:\/\/dtfpro.ch\/product\/kidney-beans-organic-2\/"},"modified":"2026-02-16T16:33:12","modified_gmt":"2026-02-16T14:33:12","slug":"inchiostro-ciano","status":"publish","type":"product","link":"https:\/\/dtfpro.ch\/de\/product\/inchiostro-ciano\/","title":{"rendered":"DTF Cyan Tinte 1lt"},"content":{"rendered":"<p>Unerreichte Farbbrillanz.<\/p>\n<p>Die 1-Liter-Tinte DTF Cyan besteht aus hochwertigen Pigmenten, die au\u00dferordentlich lebendige Cyant\u00f6ne erzeugen. Ihre satte, gleichm\u00e4\u00dfige Farbwiedergabe sorgt daf\u00fcr, dass jeder Druck voller Leben und Energie ist. Diese Tinte ist ideal, um Designs mehr Tiefe zu verleihen und die Farbtreue zu gew\u00e4hrleisten, damit Ihre Kreationen hervorstechen. Verabschieden Sie sich von stumpfen, verblassten Drucken: Die \u00fcberlegene Formulierung sorgt f\u00fcr dauerhafte Lebendigkeit in jedem Design.<\/p>\n<p>Hervorragende Kompatibilit\u00e4t und Effizienz<\/p>\n<p>Diese DTF-Tinte ist mit einer breiten Palette von DTF-Druckern kompatibel und damit eine praktische L\u00f6sung f\u00fcr Unternehmen jeder Gr\u00f6\u00dfe. Sie wurde f\u00fcr einen einfachen Fluss und eine reibungslose Leistung entwickelt und minimiert Verstopfungen und Wartungsprobleme, damit Sie sich auf Ihre Arbeit konzentrieren k\u00f6nnen. Mit einer gro\u00dfz\u00fcgigen 1-Liter-Flasche gew\u00e4hrleistet diese Tinte eine lange Nutzungsdauer, was sie zu einer wirtschaftlichen und idealen Wahl f\u00fcr die Bew\u00e4ltigung eines hohen Druckaufkommens ohne Qualit\u00e4tseinbu\u00dfen macht.<\/p>\n<p>Umweltfreundlich und sicher f\u00fcr den Benutzer<\/p>\n<p>Die 1-Liter-Tinte Cyan von DTF bietet nicht nur eine hervorragende Leistung, sondern ist auch umweltfreundlich und sicher f\u00fcr den Benutzer. Ihre umweltfreundliche Formulierung sorgt f\u00fcr eine geringere Umweltbelastung, ohne die Druckqualit\u00e4t zu beeintr\u00e4chtigen. Dar\u00fcber hinaus ist die Tinte ungiftig und sicher in der Handhabung, so dass sie sowohl f\u00fcr den privaten als auch f\u00fcr den beruflichen Gebrauch geeignet ist. Sie ist die richtige Wahl f\u00fcr alle, die sowohl auf Qualit\u00e4t als auch auf Umweltfreundlichkeit Wert legen.<\/p>\n<p>Heben Sie die Druckqualit\u00e4t mit der 1-Liter-Hochleistungstinte Cyan von DTF auf ein neues Niveau. Diese hochwertige cyanfarbene Tinte wurde speziell f\u00fcr den Direct-to-Film-Druck (DTF) entwickelt und sorgt f\u00fcr leuchtende Farben, einen reibungslosen Auftrag und eine au\u00dfergew\u00f6hnliche Haltbarkeit. Egal, ob Sie ein professioneller Drucker oder ein Heimwerker sind, diese Tinte ist eine unverzichtbare Erg\u00e4nzung Ihrer Ausr\u00fcstung und erm\u00f6glicht es Ihnen, visuell beeindruckende, professionelle Ergebnisse zu erzielen.<\/p>\n<p>Erwecken Sie Ihre Designs mit der zuverl\u00e4ssigen und lebendigen DTF Cyan-Tinte (1 Liter) zum Leben. Ob auff\u00e4llige Grafiken oder filigrane Details, diese hochwertige DTF Cyan-Tinte ist die Grundlage f\u00fcr einen makellosen Druck. Verbessern Sie Ihre Arbeitsabl\u00e4ufe und erzielen Sie jedes Mal hervorragende Ergebnisse!<\/p>","protected":false},"excerpt":{"rendered":"<h6>DTF Cyan Tinte 1lt<\/h6>","protected":false},"featured_media":6499,"comment_status":"open","ping_status":"closed","template":"","meta":{"zakra_page_container_layout":"customizer","zakra_page_sidebar_layout":"customizer","zakra_remove_content_margin":false,"zakra_sidebar":"customizer","zakra_transparent_header":"customizer","zakra_logo":0,"zakra_main_header_style":"default","zakra_menu_item_color":"","zakra_menu_item_hover_color":"","zakra_menu_item_active_color":"","zakra_menu_active_style":"","zakra_page_header":true},"product_brand":[],"product_cat":[16],"product_tag":[],"class_list":{"0":"post-5595","1":"product","2":"type-product","3":"status-publish","4":"has-post-thumbnail","6":"product_cat-ink","8":"first","9":"instock","10":"taxable","11":"shipping-taxable","12":"purchasable","13":"product-type-simple"},"_links":{"self":[{"href":"https:\/\/dtfpro.ch\/de\/wp-json\/wp\/v2\/product\/5595","targetHints":{"allow":["GET"]}}],"collection":[{"href":"https:\/\/dtfpro.ch\/de\/wp-json\/wp\/v2\/product"}],"about":[{"href":"https:\/\/dtfpro.ch\/de\/wp-json\/wp\/v2\/types\/product"}],"replies":[{"embeddable":true,"href":"https:\/\/dtfpro.ch\/de\/wp-json\/wp\/v2\/comments?post=5595"}],"version-history":[{"count":2,"href":"https:\/\/dtfpro.ch\/de\/wp-json\/wp\/v2\/product\/5595\/revisions"}],"predecessor-version":[{"id":6105,"href":"https:\/\/dtfpro.ch\/de\/wp-json\/wp\/v2\/product\/5595\/revisions\/6105"}],"wp:featuredmedia":[{"embeddable":true,"href":"https:\/\/dtfpro.ch\/de\/wp-json\/wp\/v2\/media\/6499"}],"wp:attachment":[{"href":"https:\/\/dtfpro.ch\/de\/wp-json\/wp\/v2\/media?parent=5595"}],"wp:term":[{"taxonomy":"product_brand","embeddable":true,"href":"https:\/\/dtfpro.ch\/de\/wp-json\/wp\/v2\/product_brand?post=5595"},{"taxonomy":"product_cat","embeddable":true,"href":"https:\/\/dtfpro.ch\/de\/wp-json\/wp\/v2\/product_cat?post=5595"},{"taxonomy":"product_tag","embeddable":true,"href":"https:\/\/dtfpro.ch\/de\/wp-json\/wp\/v2\/product_tag?post=5595"}],"curies":[{"name":"wp","href":"https:\/\/api.w.org\/{rel}","templated":true}]}}