{"id":5600,"date":"2025-09-11T13:07:50","date_gmt":"2025-09-11T13:07:50","guid":{"rendered":"https:\/\/dtfpro.ch\/product\/farm-fresh-eggs-2\/"},"modified":"2026-03-25T07:08:01","modified_gmt":"2026-03-25T05:08:01","slug":"hot-melt-powder","status":"publish","type":"product","link":"https:\/\/dtfpro.ch\/de\/product\/hot-melt-powder\/","title":{"rendered":"Kleber f\u00fcr DTF Anti-Sublimation Wei\u00df"},"content":{"rendered":"<p>Wir empfehlen Ihnen unser DTF-Premium-Transferpulver, mit dem Sie lebendige und haltbare Drucke erzielen k\u00f6nnen, perfekt f\u00fcr Ihre Kreationen!<\/p>\n<p>Sie m\u00f6chten die Qualit\u00e4t und Haltbarkeit Ihrer Digitaldrucke verbessern? Unser DTF-Transferpulver (Direct to Film) ist die perfekte L\u00f6sung f\u00fcr Sie. Diese 1 kg-Packung wei\u00dfes Klebepulver wurde speziell f\u00fcr den Thermosublimations- und DTF-Druck entwickelt und erm\u00f6glicht hervorragende Ergebnisse auf einer Vielzahl von Materialien. Ganz gleich, ob Sie auf Textilien, Leder oder andere Oberfl\u00e4chen drucken, dieses Pulver garantiert leuchtende Farben, hervorragende Waschechtheit und ein weiches, angenehmes Gef\u00fchl.<\/p>\n<p>Wenn Sie sich f\u00fcr unsere \u00fcberragende Haftung entscheiden, werden Sie lang anhaltende Ergebnisse erzielen.<\/p>\n<p>Unser DTF-Transferpulver ist die perfekte L\u00f6sung, um eine optimale Haftung zu gew\u00e4hrleisten und eine starke und dauerhafte Verbindung zwischen der Tinte und dem Substrat herzustellen. Dies ist wichtig, um sicherzustellen, dass Ihre Drucke auch nach zahlreichen W\u00e4schen lebendig und intakt bleiben. Der Klebstoff ist so formuliert, dass er bei einer bestimmten Temperatur aktiviert wird, um eine nahtlose und wirklich dauerhafte \u00dcbertragung zu gew\u00e4hrleisten. Dieser Prozess ist so konzipiert, dass das Risiko von Rissen, Abbl\u00e4ttern oder Verblassen minimiert wird, so dass Ihre Motive wirklich lange halten. Die feine Partikelgr\u00f6\u00dfe ist entscheidend, um eine gleichm\u00e4\u00dfige Verteilung zu gew\u00e4hrleisten und ein Verklumpen zu verhindern, was jedes Mal ein glattes, professionelles Finish garantiert.<\/p>\n<p>Es ist einfach zu bedienen und mit allen DTF-Systemen kompatibel.<\/p>\n<p>Dieses DTF-Pulver ist unglaublich einfach zu verwenden und mit einer breiten Palette von DTF-Druckern und -Folien kompatibel. Tragen Sie das Pulver einfach gleichm\u00e4\u00dfig auf die bedruckte Folie auf, schmelzen Sie es mit einer Hei\u00dfpresse und \u00fcbertragen Sie dann das Design auf das gew\u00fcnschte Material. Dank der intuitiven Anwendung ist es sowohl f\u00fcr Anf\u00e4nger als auch f\u00fcr erfahrene Profis geeignet. Unser Pulver eignet sich perfekt f\u00fcr eine Vielzahl von Substraten und liefert konsistente und zuverl\u00e4ssige Ergebnisse, und die 1 kg-Packung garantiert einen ausreichenden Vorrat f\u00fcr zahlreiche Projekte. Dies macht es zu einer wirtschaftlichen und effizienten Wahl f\u00fcr Unternehmen jeder Gr\u00f6\u00dfe, die hochwertige Transferergebnisse w\u00fcnschen. Maximieren Sie das Potenzial Ihrer Digitaldrucke mit unserem zuverl\u00e4ssigen und einfach zu verwendenden Pulver.<\/p>","protected":false},"excerpt":{"rendered":"<h6 id=\"title\" class=\"a-size-large a-spacing-none\"><span id=\"productTitle\" class=\"a-size-large product-title-word-break\">Pulver <\/span><span id=\"productTitle\" class=\"a-size-large product-title-word-break\">DTF Wei\u00df Transfer 1kg<\/span><\/h6>\n<h6 class=\"a-size-large a-spacing-none\"><span id=\"productTitle\" class=\"a-size-large product-title-word-break\"> Anti-Sublimations-Schmelzklebstoff<\/span><\/h6>\n<h6 class=\"a-size-large a-spacing-none\"><span id=\"productTitle\" class=\"a-size-large product-title-word-break\">Kompatibel mit DTF-Film und -Drucker f\u00fcr Digitaldrucke auf jedem Material!<\/span><\/h6>","protected":false},"featured_media":6501,"comment_status":"open","ping_status":"closed","template":"","meta":{"zakra_page_container_layout":"customizer","zakra_page_sidebar_layout":"customizer","zakra_remove_content_margin":false,"zakra_sidebar":"customizer","zakra_transparent_header":"customizer","zakra_logo":0,"zakra_main_header_style":"default","zakra_menu_item_color":"","zakra_menu_item_hover_color":"","zakra_menu_item_active_color":"","zakra_menu_active_style":"","zakra_page_header":true},"product_brand":[],"product_cat":[17],"product_tag":[],"class_list":{"0":"post-5600","1":"product","2":"type-product","3":"status-publish","4":"has-post-thumbnail","6":"product_cat-hot_melt_powder","8":"first","9":"instock","10":"taxable","11":"shipping-taxable","12":"purchasable","13":"product-type-simple"},"_links":{"self":[{"href":"https:\/\/dtfpro.ch\/de\/wp-json\/wp\/v2\/product\/5600","targetHints":{"allow":["GET"]}}],"collection":[{"href":"https:\/\/dtfpro.ch\/de\/wp-json\/wp\/v2\/product"}],"about":[{"href":"https:\/\/dtfpro.ch\/de\/wp-json\/wp\/v2\/types\/product"}],"replies":[{"embeddable":true,"href":"https:\/\/dtfpro.ch\/de\/wp-json\/wp\/v2\/comments?post=5600"}],"version-history":[{"count":2,"href":"https:\/\/dtfpro.ch\/de\/wp-json\/wp\/v2\/product\/5600\/revisions"}],"predecessor-version":[{"id":6325,"href":"https:\/\/dtfpro.ch\/de\/wp-json\/wp\/v2\/product\/5600\/revisions\/6325"}],"wp:featuredmedia":[{"embeddable":true,"href":"https:\/\/dtfpro.ch\/de\/wp-json\/wp\/v2\/media\/6501"}],"wp:attachment":[{"href":"https:\/\/dtfpro.ch\/de\/wp-json\/wp\/v2\/media?parent=5600"}],"wp:term":[{"taxonomy":"product_brand","embeddable":true,"href":"https:\/\/dtfpro.ch\/de\/wp-json\/wp\/v2\/product_brand?post=5600"},{"taxonomy":"product_cat","embeddable":true,"href":"https:\/\/dtfpro.ch\/de\/wp-json\/wp\/v2\/product_cat?post=5600"},{"taxonomy":"product_tag","embeddable":true,"href":"https:\/\/dtfpro.ch\/de\/wp-json\/wp\/v2\/product_tag?post=5600"}],"curies":[{"name":"wp","href":"https:\/\/api.w.org\/{rel}","templated":true}]}}