{"id":5601,"date":"2025-09-11T13:07:50","date_gmt":"2025-09-11T13:07:50","guid":{"rendered":"https:\/\/dtfpro.ch\/product\/hand-sanitizer-2\/"},"modified":"2026-02-16T16:25:59","modified_gmt":"2026-02-16T14:25:59","slug":"hand-sanitizer-2","status":"publish","type":"product","link":"https:\/\/dtfpro.ch\/de\/product\/hand-sanitizer-2\/","title":{"rendered":"DTF Wei\u00dfe Tinte 1lt"},"content":{"rendered":"<p>Unerreichte Leistung f\u00fcr herausragende Ergebnisse<\/p>\n<p>Verbessern Sie die Qualit\u00e4t Ihrer Druckprojekte mit DTF White Ink 1lt. Diese hochwertige wei\u00dfe Tinte wurde speziell f\u00fcr den Direct-to-Film (DTF)-Druck entwickelt und gew\u00e4hrleistet bei jeder Anwendung eine au\u00dfergew\u00f6hnliche Farbbrillanz, Deckkraft und Detailtreue. Egal, ob Sie ein professioneller Drucker oder ein Liebhaber sind, diese wei\u00dfe Tinte ist so konzipiert, dass sie konsistente und zuverl\u00e4ssige Ergebnisse auf verschiedenen Arten von Stoffen liefert.<\/p>\n<p>Fortschrittliche Formel f\u00fcr Haltbarkeit und Pr\u00e4zision<\/p>\n<p>DTF White Ink 1lt zeichnet sich durch ihre fortschrittliche Formel aus, die f\u00fcr eine nahtlose Farbdeckung bei gleichzeitiger Haltbarkeit sorgt. Diese Tinte eignet sich perfekt f\u00fcr k\u00fchne Designs und komplizierte Details. Sie bietet eine hervorragende Filmhaftung, l\u00e4sst sich leicht auf Stoffe \u00fcbertragen und ist wasch- und rissfest. Von Baumwolle bis hin zu Polyestermischungen garantiert sie ein dauerhaftes Finish, das seinen Glanz \u00fcber lange Zeit beibeh\u00e4lt.<\/p>\n<p>Ideal f\u00fcr eine Vielzahl von kreativen Anwendungen<\/p>\n<p>Dank ihrer vielseitigen Einsatzm\u00f6glichkeiten ist die DTF White Ink 1lt die ideale Wahl f\u00fcr individuelle Designs auf Kleidung, Werbeartikeln und k\u00fcnstlerischen Kreationen. Egal, ob Sie Logos, Grafiken oder komplizierte Kunstwerke drucken, diese DTF White Ink liefert gestochen scharfe, lebendige und professionell aussehende Ergebnisse, mit denen Sie Ihr kreatives Potenzial voll aussch\u00f6pfen k\u00f6nnen. Sie ist mit den meisten DTF-Druckern kompatibel und f\u00fcgt sich nahtlos in etablierte Arbeitsabl\u00e4ufe ein und bietet Pr\u00e4zision und Flexibilit\u00e4t bei jedem Druck.<\/p>\n<p>Warum DTF White Ink 1lt w\u00e4hlen?<\/p>\n<p>Die Wahl der richtigen Tinte ist entscheidend f\u00fcr hochwertige Drucke, und DTF White Ink 1lt erf\u00fcllt alle Anforderungen. Mit ihrer au\u00dfergew\u00f6hnlichen Deckkraft, Haltbarkeit und Farbtreue wird diese Tinte von Profis f\u00fcr ihre Zuverl\u00e4ssigkeit gesch\u00e4tzt. Erleben Sie die einfache Handhabung, die hervorragende Druckleistung und die Sicherheit, bei jedem Projekt hervorragende Ergebnisse zu erzielen.<i><\/i><\/p>","protected":false},"excerpt":{"rendered":"<p>Prestazioni senza pari per risultati eccezionali Migliorate la qualit\u00e0 dei vostri progetti di stampa con Inchiostro Bianco DTF 1lt. Questo inchiostro bianco di alta qualit\u00e0 \u00e8 specificamente formulato per la stampa Direct-to-Film (DTF), garantendo vivacit\u00e0, copertura e dettagli eccezionali ad ogni applicazione. Che siate stampatori professionisti o appassionati, questo inchiostro bianco \u00e8 stato progettato per [&hellip;]<\/p>\n","protected":false},"featured_media":6496,"comment_status":"open","ping_status":"closed","template":"","meta":{"zakra_page_container_layout":"customizer","zakra_page_sidebar_layout":"customizer","zakra_remove_content_margin":false,"zakra_sidebar":"customizer","zakra_transparent_header":"customizer","zakra_logo":0,"zakra_main_header_style":"default","zakra_menu_item_color":"","zakra_menu_item_hover_color":"","zakra_menu_item_active_color":"","zakra_menu_active_style":"","zakra_page_header":true},"product_brand":[],"product_cat":[16],"product_tag":[],"class_list":{"0":"post-5601","1":"product","2":"type-product","3":"status-publish","4":"has-post-thumbnail","6":"product_cat-ink","8":"first","9":"instock","10":"featured","11":"taxable","12":"shipping-taxable","13":"purchasable","14":"product-type-simple"},"_links":{"self":[{"href":"https:\/\/dtfpro.ch\/de\/wp-json\/wp\/v2\/product\/5601","targetHints":{"allow":["GET"]}}],"collection":[{"href":"https:\/\/dtfpro.ch\/de\/wp-json\/wp\/v2\/product"}],"about":[{"href":"https:\/\/dtfpro.ch\/de\/wp-json\/wp\/v2\/types\/product"}],"replies":[{"embeddable":true,"href":"https:\/\/dtfpro.ch\/de\/wp-json\/wp\/v2\/comments?post=5601"}],"version-history":[{"count":2,"href":"https:\/\/dtfpro.ch\/de\/wp-json\/wp\/v2\/product\/5601\/revisions"}],"predecessor-version":[{"id":6529,"href":"https:\/\/dtfpro.ch\/de\/wp-json\/wp\/v2\/product\/5601\/revisions\/6529"}],"wp:featuredmedia":[{"embeddable":true,"href":"https:\/\/dtfpro.ch\/de\/wp-json\/wp\/v2\/media\/6496"}],"wp:attachment":[{"href":"https:\/\/dtfpro.ch\/de\/wp-json\/wp\/v2\/media?parent=5601"}],"wp:term":[{"taxonomy":"product_brand","embeddable":true,"href":"https:\/\/dtfpro.ch\/de\/wp-json\/wp\/v2\/product_brand?post=5601"},{"taxonomy":"product_cat","embeddable":true,"href":"https:\/\/dtfpro.ch\/de\/wp-json\/wp\/v2\/product_cat?post=5601"},{"taxonomy":"product_tag","embeddable":true,"href":"https:\/\/dtfpro.ch\/de\/wp-json\/wp\/v2\/product_tag?post=5601"}],"curies":[{"name":"wp","href":"https:\/\/api.w.org\/{rel}","templated":true}]}}