{"id":5603,"date":"2025-09-11T13:07:50","date_gmt":"2025-09-11T13:07:50","guid":{"rendered":"https:\/\/dtfpro.ch\/product\/pulses-from-organic-farm-2\/"},"modified":"2026-02-16T16:20:36","modified_gmt":"2026-02-16T14:20:36","slug":"inchiostro-nero","status":"publish","type":"product","link":"https:\/\/dtfpro.ch\/de\/product\/inchiostro-nero\/","title":{"rendered":"DTF Schwarze Tinte 1lt"},"content":{"rendered":"<p>Hochwertige Druckleistung.<\/p>\n<p>Erzielen Sie hervorragende Ergebnisse mit der schwarzen DTF-Tinte (1 Liter), der perfekten Wahl f\u00fcr Direct-to-Film-Druckanwendungen. Diese hochwertige schwarze Tinte wurde f\u00fcr eine exzellente Druckqualit\u00e4t entwickelt und sorgt f\u00fcr lebendige Farben, scharfe Details und eine lange Haltbarkeit, was sie ideal f\u00fcr die Erstellung auff\u00e4lliger Designs macht. Ob f\u00fcr Bekleidung, Accessoires oder Werbematerialien, diese Tinte sorgt jedes Mal f\u00fcr gleichbleibende Ergebnisse.<\/p>\n<p>Diese Tinte wurde f\u00fcr Effizienz und Vielseitigkeit optimiert und ist die ideale L\u00f6sung f\u00fcr alle, die eine hohe Druckqualit\u00e4t w\u00fcnschen.<\/p>\n<p>DTF Black Ink 1lt ist perfekt auf die DTF-Drucksysteme abgestimmt und gew\u00e4hrleistet eine einfache Bedienung und zuverl\u00e4ssige Leistung. Sie trocknet schnell und erm\u00f6glicht es Ihnen, die Produktionszeiten zu optimieren und die Produktivit\u00e4t zu steigern. Diese Tinte ist mit einer Vielzahl von Stoffen und Oberfl\u00e4chen kompatibel und erf\u00fcllt die Anforderungen von Unternehmen, Hobbyisten und professionellen Designern.<\/p>\n<p>Au\u00dfergew\u00f6hnliche Langlebigkeit und Strapazierf\u00e4higkeit.<\/p>\n<p>Dank ihrer fortschrittlichen Formel garantiert die DTF Black Ink 1lt eine lange Lebensdauer und Haltbarkeit. Mit dieser Tinte erstellte Drucke behalten ihre Lebendigkeit und Qualit\u00e4t auch nach zahlreichen W\u00e4schen und Abnutzungserscheinungen bei und sorgen daf\u00fcr, dass Ihre Entw\u00fcrfe \u00fcber lange Zeit hinweg makellos bleiben. Ihre pigmentreiche Zusammensetzung verhindert das Verblassen und Verwischen und macht sie zur idealen L\u00f6sung f\u00fcr alle Ihre kreativen und brandingbezogenen Anforderungen.<\/p>\n<p>Entdecken Sie die Zuverl\u00e4ssigkeit und hohe Leistung der DTF 1-Liter-Schwarztinte. Kombinieren Sie sie mit Ihrem bevorzugten DTF-Film und Ihrer bevorzugten Druckeinrichtung, um herausragende Ergebnisse zu erzielen, die Ihre Projekte zu etwas Besonderem machen. Verlassen Sie sich auf diese hochwertige schwarze Tinte, um Ihr Druckerlebnis zu verbessern.<\/p>","protected":false},"excerpt":{"rendered":"<h6>DTF Schwarze Tinte 1lt<\/h6>","protected":false},"featured_media":6497,"comment_status":"open","ping_status":"closed","template":"","meta":{"zakra_page_container_layout":"customizer","zakra_page_sidebar_layout":"customizer","zakra_remove_content_margin":false,"zakra_sidebar":"customizer","zakra_transparent_header":"customizer","zakra_logo":0,"zakra_main_header_style":"default","zakra_menu_item_color":"","zakra_menu_item_hover_color":"","zakra_menu_item_active_color":"","zakra_menu_active_style":"","zakra_page_header":true},"product_brand":[],"product_cat":[16],"product_tag":[],"class_list":{"0":"post-5603","1":"product","2":"type-product","3":"status-publish","4":"has-post-thumbnail","6":"product_cat-ink","8":"first","9":"instock","10":"featured","11":"taxable","12":"shipping-taxable","13":"purchasable","14":"product-type-simple"},"_links":{"self":[{"href":"https:\/\/dtfpro.ch\/de\/wp-json\/wp\/v2\/product\/5603","targetHints":{"allow":["GET"]}}],"collection":[{"href":"https:\/\/dtfpro.ch\/de\/wp-json\/wp\/v2\/product"}],"about":[{"href":"https:\/\/dtfpro.ch\/de\/wp-json\/wp\/v2\/types\/product"}],"replies":[{"embeddable":true,"href":"https:\/\/dtfpro.ch\/de\/wp-json\/wp\/v2\/comments?post=5603"}],"version-history":[{"count":2,"href":"https:\/\/dtfpro.ch\/de\/wp-json\/wp\/v2\/product\/5603\/revisions"}],"predecessor-version":[{"id":6470,"href":"https:\/\/dtfpro.ch\/de\/wp-json\/wp\/v2\/product\/5603\/revisions\/6470"}],"wp:featuredmedia":[{"embeddable":true,"href":"https:\/\/dtfpro.ch\/de\/wp-json\/wp\/v2\/media\/6497"}],"wp:attachment":[{"href":"https:\/\/dtfpro.ch\/de\/wp-json\/wp\/v2\/media?parent=5603"}],"wp:term":[{"taxonomy":"product_brand","embeddable":true,"href":"https:\/\/dtfpro.ch\/de\/wp-json\/wp\/v2\/product_brand?post=5603"},{"taxonomy":"product_cat","embeddable":true,"href":"https:\/\/dtfpro.ch\/de\/wp-json\/wp\/v2\/product_cat?post=5603"},{"taxonomy":"product_tag","embeddable":true,"href":"https:\/\/dtfpro.ch\/de\/wp-json\/wp\/v2\/product_tag?post=5603"}],"curies":[{"name":"wp","href":"https:\/\/api.w.org\/{rel}","templated":true}]}}