{"id":5604,"date":"2025-09-11T13:07:50","date_gmt":"2025-09-11T13:07:50","guid":{"rendered":"https:\/\/dtfpro.ch\/product\/handpicked-red-chillies-2\/"},"modified":"2026-02-16T16:28:47","modified_gmt":"2026-02-16T14:28:47","slug":"dtf-film-hot-peel-double-coated-anti-static-600mmx100m","status":"publish","type":"product","link":"https:\/\/dtfpro.ch\/de\/product\/dtf-film-hot-peel-double-coated-anti-static-600mmx100m\/","title":{"rendered":"DTF-Folie - W\u00e4rmetransferfolie - doppelt beschichtet - antistatisch - 600mm x 100m"},"content":{"rendered":"<p>Entfesseln Sie lebendige Ausdrucke mit unserem hochwertigen DTF-Film<\/p>\n<p>M\u00f6chten Sie Ihre DTF-Druckf\u00e4higkeiten verbessern? Unsere hochwertige DTF-Folie bietet au\u00dfergew\u00f6hnliche Leistung und Zuverl\u00e4ssigkeit f\u00fcr alle Ihre Anforderungen an die Stoffdekoration. Diese Folie wurde f\u00fcr einfache Anwendung und hervorragende Ergebnisse entwickelt und sorgt f\u00fcr lebendige, haltbare und auff\u00e4llige Drucke. Diese Folie eignet sich f\u00fcr eine Vielzahl von Textilanwendungen und bietet jederzeit professionelle Qualit\u00e4t.<\/p>\n<p>Hot Peel, doppelt beschichtet und antistatisch f\u00fcr ununterbrochenen Druck<\/p>\n<p>Unsere DTF-Folie verf\u00fcgt \u00fcber ein Hot-Peel-Design, das eine schnelle und effiziente Entfernung nach dem Hei\u00dfpressen erm\u00f6glicht. Die doppelt beschichtete Oberfl\u00e4che sorgt f\u00fcr eine optimale Tintenhaftung und verhindert das Verschmieren, wodurch gestochen scharfe, saubere Drucke gew\u00e4hrleistet werden. Die antistatischen Eigenschaften dieser Folie minimieren die Staubanziehung, sorgen f\u00fcr einen reibungslosen Druckprozess und verringern das Risiko von Fehlern. Mit einer Breite von 600 mm und einer L\u00e4nge von 100 m bietet diese Rolle ausreichend Material f\u00fcr gro\u00dffl\u00e4chige Produktionen. Die DTF-Folie ist so konzipiert, dass sie perfekt mit einer Vielzahl von DTF-Druckern und -Tinten zusammenarbeitet und somit Vielseitigkeit und Kompatibilit\u00e4t f\u00fcr Ihr Unternehmen bietet.<\/p>\n<p>Hauptmerkmale und Vorteile unserer DTF-Folie<\/p>\n<p>Um professionelle Ergebnisse im DTF-Druck zu erzielen, ist die Investition in hochwertige Materialien unerl\u00e4sslich. Unsere DTF-Folie bietet zahlreiche Vorteile, darunter:<\/p>\n<p>Hot-Peel-Technologie: f\u00fcr eine schnelle und einfache Entfernung.<\/p>\n<p>Doppelt beschichtet: sorgt f\u00fcr eine hervorragende Tintenhaftung und lebendige Farben.<\/p>\n<p>Antistatische Eigenschaften: minimiert die Staubanziehung und verhindert Fleckenbildung.<br \/>\nGro\u00dfes Rollenformat: 600 mm x 100 m f\u00fcr die Gro\u00dfserienproduktion.<br \/>\nVielseitige Kompatibilit\u00e4t: Funktioniert mit verschiedenen DTF-Druckern und -Tinten.<\/p>\n<p>Verbessern Sie Ihren Druckprozess mit unserer DTF-Folie und erleben Sie den Unterschied in Qualit\u00e4t und Effizienz. Bestellen Sie noch heute und erstellen Sie atemberaubende, langlebige Drucke, die sich von der Masse abheben!<\/p>","protected":false},"excerpt":{"rendered":"<p>Doppelt beschichtet - antistatisch - 600mm x 100m<\/p>","protected":false},"featured_media":5679,"comment_status":"open","ping_status":"closed","template":"","meta":{"zakra_page_container_layout":"customizer","zakra_page_sidebar_layout":"customizer","zakra_remove_content_margin":false,"zakra_sidebar":"customizer","zakra_transparent_header":"customizer","zakra_logo":0,"zakra_main_header_style":"default","zakra_menu_item_color":"","zakra_menu_item_hover_color":"","zakra_menu_item_active_color":"","zakra_menu_active_style":"","zakra_page_header":true},"product_brand":[],"product_cat":[25],"product_tag":[],"class_list":{"0":"post-5604","1":"product","2":"type-product","3":"status-publish","4":"has-post-thumbnail","6":"product_cat-hot_peel_film-2","8":"first","9":"instock","10":"featured","11":"taxable","12":"shipping-taxable","13":"purchasable","14":"product-type-simple"},"_links":{"self":[{"href":"https:\/\/dtfpro.ch\/de\/wp-json\/wp\/v2\/product\/5604","targetHints":{"allow":["GET"]}}],"collection":[{"href":"https:\/\/dtfpro.ch\/de\/wp-json\/wp\/v2\/product"}],"about":[{"href":"https:\/\/dtfpro.ch\/de\/wp-json\/wp\/v2\/types\/product"}],"replies":[{"embeddable":true,"href":"https:\/\/dtfpro.ch\/de\/wp-json\/wp\/v2\/comments?post=5604"}],"version-history":[{"count":1,"href":"https:\/\/dtfpro.ch\/de\/wp-json\/wp\/v2\/product\/5604\/revisions"}],"predecessor-version":[{"id":6530,"href":"https:\/\/dtfpro.ch\/de\/wp-json\/wp\/v2\/product\/5604\/revisions\/6530"}],"wp:featuredmedia":[{"embeddable":true,"href":"https:\/\/dtfpro.ch\/de\/wp-json\/wp\/v2\/media\/5679"}],"wp:attachment":[{"href":"https:\/\/dtfpro.ch\/de\/wp-json\/wp\/v2\/media?parent=5604"}],"wp:term":[{"taxonomy":"product_brand","embeddable":true,"href":"https:\/\/dtfpro.ch\/de\/wp-json\/wp\/v2\/product_brand?post=5604"},{"taxonomy":"product_cat","embeddable":true,"href":"https:\/\/dtfpro.ch\/de\/wp-json\/wp\/v2\/product_cat?post=5604"},{"taxonomy":"product_tag","embeddable":true,"href":"https:\/\/dtfpro.ch\/de\/wp-json\/wp\/v2\/product_tag?post=5604"}],"curies":[{"name":"wp","href":"https:\/\/api.w.org\/{rel}","templated":true}]}}