{"id":6364,"date":"2026-02-03T13:11:26","date_gmt":"2026-02-03T11:11:26","guid":{"rendered":"https:\/\/dtfpro.ch\/?page_id=6364"},"modified":"2026-02-03T13:17:29","modified_gmt":"2026-02-03T11:17:29","slug":"terms-and-privacy","status":"publish","type":"page","link":"https:\/\/dtfpro.ch\/fr\/terms-and-privacy\/","title":{"rendered":"Conditions d'utilisation et protection de la vie priv\u00e9e"},"content":{"rendered":"<div data-elementor-type=\"wp-page\" data-elementor-id=\"6364\" class=\"elementor elementor-6364\" data-elementor-post-type=\"page\">\n\t\t\t\t<div class=\"elementor-element elementor-element-3c3c46b e-flex e-con-boxed e-con e-parent\" data-id=\"3c3c46b\" data-element_type=\"container\" data-e-type=\"container\">\n\t\t\t\t\t<div class=\"e-con-inner\">\n\t\t\t\t<div class=\"elementor-element elementor-element-53ec531 elementor-widget elementor-widget-heading\" data-id=\"53ec531\" data-element_type=\"widget\" data-e-type=\"widget\" data-widget_type=\"heading.default\">\n\t\t\t\t<div class=\"elementor-widget-container\">\n\t\t\t\t\t<h2 class=\"elementor-heading-title elementor-size-default\">Conditions d'utilisation et protection de la vie priv\u00e9e<\/h2>\t\t\t\t<\/div>\n\t\t\t\t<\/div>\n\t\t\t\t\t<\/div>\n\t\t\t\t<\/div>\n\t\t<div class=\"elementor-element elementor-element-dd02fb8 e-flex e-con-boxed e-con e-parent\" data-id=\"dd02fb8\" data-element_type=\"container\" data-e-type=\"container\">\n\t\t\t\t\t<div class=\"e-con-inner\">\n\t\t\t\t<div class=\"elementor-element elementor-element-4e5c8ec elementor-widget elementor-widget-text-editor\" data-id=\"4e5c8ec\" data-element_type=\"widget\" data-e-type=\"widget\" data-widget_type=\"text-editor.default\">\n\t\t\t\t<div class=\"elementor-widget-container\">\n\t\t\t\t\t\t\t\t\t<p><span style=\"color: #000000;\">Politique en mati\u00e8re de confidentialit\u00e9 et de cookies.<\/span><\/p><p><br \/><span style=\"color: #000000;\">Conform\u00e9ment \u00e0 la l\u00e9gislation suisse applicable, nous nous engageons \u00e0 prot\u00e9ger et \u00e0 respecter votre vie priv\u00e9e en ligne. Cette page explique comment nous collectons, utilisons et traitons vos informations personnelles et comment nous utilisons les cookies sur notre site. Veuillez lire attentivement cette politique pour comprendre nos pratiques en mati\u00e8re de protection de la vie priv\u00e9e.<\/span><\/p><p>\u00a0<\/p><p><span style=\"color: #000000;\">Merci de visiter notre boutique en ligne. Votre vie priv\u00e9e est importante pour nous et nous nous engageons \u00e0 prot\u00e9ger vos donn\u00e9es personnelles conform\u00e9ment aux lois suisses sur la protection des donn\u00e9es.<\/span><\/p><p><span style=\"color: #000000;\">Collecte d'informations<\/span><\/p><p><span style=\"color: #000000;\">Nous ne recueillons des informations personnelles que lorsqu'elles nous sont fournies volontairement par les clients au cours du processus de paiement ou d'enregistrement sur notre site. Ces informations peuvent inclure votre nom, votre adresse \u00e9lectronique, votre adresse de livraison, vos informations de paiement et d'autres informations relatives \u00e0 votre achat.<\/span><\/p><p><span style=\"color: #000000;\">Utilisation de l'information<\/span><\/p><p><span style=\"color: #000000;\">Nous n'utilisons les informations personnelles que nous recueillons que pour traiter les commandes, fournir un service \u00e0 la client\u00e8le, am\u00e9liorer nos services et communiquer avec vous au sujet d'offres sp\u00e9ciales, de promotions ou de mises \u00e0 jour li\u00e9es \u00e0 votre commande. Nous ne partagerons pas, ne vendrons pas et ne louerons pas vos informations personnelles \u00e0 des tiers sans votre consentement explicite, sauf si cela est n\u00e9cessaire pour remplir nos obligations contractuelles envers les fournisseurs de services (par exemple, pour la livraison des commandes).<\/span><\/p><p><span style=\"color: #000000;\">S\u00e9curit\u00e9 des donn\u00e9es<\/span><\/p><p><span style=\"color: #000000;\">Nous prenons des mesures de s\u00e9curit\u00e9 appropri\u00e9es pour prot\u00e9ger vos donn\u00e9es personnelles contre tout acc\u00e8s non autoris\u00e9, toute perte ou tout dommage. Nous utilisons des technologies s\u00e9curis\u00e9es pour crypter les donn\u00e9es sensibles pendant leur transmission et nous maintenons des proc\u00e9dures de contr\u00f4le strictes pour garantir la s\u00e9curit\u00e9 des donn\u00e9es.<\/span><\/p><p><span style=\"color: #000000;\">Droits de la personne concern\u00e9e<\/span><\/p><p><span style=\"color: #000000;\">Vous avez le droit d'acc\u00e9der \u00e0 vos informations personnelles, de les corriger si elles sont inexactes ou p\u00e9rim\u00e9es, et de demander leur suppression de notre syst\u00e8me. Vous pouvez exercer ces droits en nous contactant aux coordonn\u00e9es ci-dessous.<\/span><\/p><p><span style=\"color: #000000;\">Modifications de notre politique de confidentialit\u00e9<\/span><\/p><p><span style=\"color: #000000;\">Nous nous r\u00e9servons le droit de modifier cette politique \u00e0 tout moment. Les modifications seront publi\u00e9es sur cette page et entreront en vigueur d\u00e8s leur publication. Nous vous encourageons \u00e0 consulter r\u00e9guli\u00e8rement cette page pour vous tenir au courant de nos pratiques en mati\u00e8re de protection de la vie priv\u00e9e.<\/span><\/p><p><span style=\"color: #000000;\">Contact<\/span><\/p><p><span style=\"color: #000000;\">Si vous avez des questions ou des pr\u00e9occupations concernant notre politique de confidentialit\u00e9 ou la mani\u00e8re dont nous traitons vos donn\u00e9es personnelles, veuillez nous contacter \u00e0 l'adresse info@dtfpro.ch.<\/span><\/p>\t\t\t\t\t\t\t\t<\/div>\n\t\t\t\t<\/div>\n\t\t\t\t\t<\/div>\n\t\t\t\t<\/div>\n\t\t\t\t<\/div>","protected":false},"excerpt":{"rendered":"<p>Termini e Privacy Informativa sulla privacy e sui cookie. In ottemperanza alle normative svizzere vigenti, ci impegniamo a tutelare e rispettare la tua privacy online. Questa pagina illustra le modalit\u00e0 di raccolta, utilizzo e trattamento dei tuoi dati personali e l&#8217;uso dei cookie sul nostro sito. Ti invitiamo a leggere attentamente questa informativa per comprendere [&hellip;]<\/p>\n","protected":false},"author":1,"featured_media":0,"parent":0,"menu_order":0,"comment_status":"closed","ping_status":"closed","template":"elementor_header_footer","meta":{"zakra_page_container_layout":"customizer","zakra_page_sidebar_layout":"customizer","zakra_remove_content_margin":false,"zakra_sidebar":"customizer","zakra_transparent_header":"customizer","zakra_logo":0,"zakra_main_header_style":"default","zakra_menu_item_color":"","zakra_menu_item_hover_color":"","zakra_menu_item_active_color":"","zakra_menu_active_style":"","zakra_page_header":true,"footnotes":""},"folder":[],"class_list":["post-6364","page","type-page","status-publish","hentry"],"_hostinger_reach_plugin_has_subscription_block":false,"_hostinger_reach_plugin_is_elementor":false,"_links":{"self":[{"href":"https:\/\/dtfpro.ch\/fr\/wp-json\/wp\/v2\/pages\/6364","targetHints":{"allow":["GET"]}}],"collection":[{"href":"https:\/\/dtfpro.ch\/fr\/wp-json\/wp\/v2\/pages"}],"about":[{"href":"https:\/\/dtfpro.ch\/fr\/wp-json\/wp\/v2\/types\/page"}],"author":[{"embeddable":true,"href":"https:\/\/dtfpro.ch\/fr\/wp-json\/wp\/v2\/users\/1"}],"replies":[{"embeddable":true,"href":"https:\/\/dtfpro.ch\/fr\/wp-json\/wp\/v2\/comments?post=6364"}],"version-history":[{"count":4,"href":"https:\/\/dtfpro.ch\/fr\/wp-json\/wp\/v2\/pages\/6364\/revisions"}],"predecessor-version":[{"id":6369,"href":"https:\/\/dtfpro.ch\/fr\/wp-json\/wp\/v2\/pages\/6364\/revisions\/6369"}],"wp:attachment":[{"href":"https:\/\/dtfpro.ch\/fr\/wp-json\/wp\/v2\/media?parent=6364"}],"wp:term":[{"taxonomy":"folder","embeddable":true,"href":"https:\/\/dtfpro.ch\/fr\/wp-json\/wp\/v2\/folder?post=6364"}],"curies":[{"name":"wp","href":"https:\/\/api.w.org\/{rel}","templated":true}]}}