{"id":879,"date":"2026-02-03T13:08:38","date_gmt":"2026-02-03T11:08:38","guid":{"rendered":"https:\/\/zakrademos.com\/agency\/?page_id=879"},"modified":"2026-02-03T13:42:04","modified_gmt":"2026-02-03T11:42:04","slug":"refund_returns","status":"publish","type":"page","link":"https:\/\/dtfpro.ch\/fr\/refund_returns\/","title":{"rendered":"Politique de remboursement et de retour"},"content":{"rendered":"<div data-elementor-type=\"wp-page\" data-elementor-id=\"879\" class=\"elementor elementor-879\" data-elementor-post-type=\"page\">\n\t\t\t\t<div class=\"elementor-element elementor-element-3bde9945 e-flex e-con-boxed e-con e-parent\" data-id=\"3bde9945\" data-element_type=\"container\" data-e-type=\"container\">\n\t\t\t\t\t<div class=\"e-con-inner\">\n\t\t\t\t<div class=\"elementor-element elementor-element-5d005b1a elementor-widget elementor-widget-text-editor\" data-id=\"5d005b1a\" data-element_type=\"widget\" data-e-type=\"widget\" data-widget_type=\"text-editor.default\">\n\t\t\t\t<div class=\"elementor-widget-container\">\n\t\t\t\t\t\t\t\t\t<div class=\"elementor-element elementor-element-undefined-f189a27 e-flex e-con-boxed e-con e-parent e-lazyloaded\" data-id=\"undefined-f189a27\" data-element_type=\"container\" data-settings=\"{&quot;background_background&quot;:&quot;classic&quot;}\">\n<div class=\"e-con-inner\">\n<div class=\"elementor-element elementor-element-undefined-5f5e2dd e-con-full e-flex e-con e-child\" data-id=\"undefined-5f5e2dd\" data-element_type=\"container\">\n<div class=\"elementor-element elementor-element-undefined-1c05a54 elementor-widget elementor-widget-heading\" data-id=\"undefined-1c05a54\" data-element_type=\"widget\" data-widget_type=\"heading.default\">\n<div class=\"elementor-widget-container\">\n<h2 class=\"elementor-heading-title elementor-size-default\">Notre politique de commande et d'exp\u00e9dition<\/h2>\n<\/div>\n<\/div>\n<div class=\"elementor-element elementor-element-undefined-8e72bd9 elementor-widget elementor-widget-text-editor\" data-id=\"undefined-8e72bd9\" data-element_type=\"widget\" data-widget_type=\"text-editor.default\">\n<div class=\"elementor-widget-container\">\n<p>Nous traitons les commandes dans un d\u00e9lai de 3 jours ouvrables \u00e0 compter de la date de la demande.&nbsp;<\/p>\n<p>L'exp\u00e9dition a lieu dans un d\u00e9lai maximum de 7 jours ouvrables apr\u00e8s la commande.<\/p>\n<\/div>\n<\/div>\n<\/div>\n<div class=\"elementor-element elementor-element-undefined-2941e57 e-con-full e-flex e-con e-child\" data-id=\"undefined-2941e57\" data-element_type=\"container\">\n<div class=\"elementor-element elementor-element-undefined-bc8a483 e-con-full e-flex e-con e-child\" data-id=\"undefined-bc8a483\" data-element_type=\"container\">\n<div class=\"elementor-element elementor-element-undefined-56ba7b8 elementor-widget__width-initial elementor-widget-mobile__width-inherit elementor-position-inline-start elementor-view-default elementor-mobile-position-block-start elementor-widget elementor-widget-icon-box\" data-id=\"undefined-56ba7b8\" data-element_type=\"widget\" data-widget_type=\"icon-box.default\">\n<div class=\"elementor-widget-container\">\n<div class=\"elementor-icon-box-wrapper\">\n<div class=\"elementor-icon-box-icon\">&nbsp;<\/div>\n<div class=\"elementor-icon-box-content\">\n<h3 class=\"elementor-icon-box-title\">Mode 1 Livraison \u00e0 domicile<\/h3>\n<p class=\"elementor-icon-box-description\">L'exp\u00e9dition a lieu dans un d\u00e9lai de 7 jours ouvrables \u00e0 compter de la date de la commande. DTFpro confie votre commande au transporteur, qui la livre \u00e0 l'adresse que vous avez indiqu\u00e9e dans votre commande.<\/p>\n<\/div>\n<\/div>\n<\/div>\n<\/div>\n<div class=\"elementor-element elementor-element-undefined-2d05798 elementor-widget-mobile__width-inherit elementor-widget elementor-widget-heading\" data-id=\"undefined-2d05798\" data-element_type=\"widget\" data-widget_type=\"heading.default\">\n<div class=\"elementor-widget-container\">\n<h2 class=\"elementor-heading-title elementor-size-default\">+14 CHF<\/h2>\n<\/div>\n<\/div>\n<\/div>\n<div class=\"elementor-element elementor-element-undefined-182144c e-con-full e-flex e-con e-child\" data-id=\"undefined-182144c\" data-element_type=\"container\">\n<div class=\"elementor-element elementor-element-undefined-2ad93c3 elementor-widget__width-initial elementor-widget-mobile__width-inherit elementor-position-inline-start elementor-view-default elementor-mobile-position-block-start elementor-widget elementor-widget-icon-box\" data-id=\"undefined-2ad93c3\" data-element_type=\"widget\" data-widget_type=\"icon-box.default\">\n<div class=\"elementor-widget-container\">\n<div class=\"elementor-icon-box-wrapper\">\n<div class=\"elementor-icon-box-icon\">&nbsp;<\/div>\n<div class=\"elementor-icon-box-content\">\n<h3 class=\"elementor-icon-box-title\">Mode 2 Collection en magasin<\/h3>\n<p class=\"elementor-icon-box-description\">Apr\u00e8s 7 jours \u00e0 compter de la date de la commande et apr\u00e8s notification par e-mail ou par t\u00e9l\u00e9phone, vous pouvez retirer le colis dans notre magasin et \u00e9conomiser sur les frais d'exp\u00e9dition.<\/p>\n<p class=\"elementor-icon-box-description\"><span style=\"color: #000000;\"><strong>Gratuit.<\/strong><\/span><\/p>\n<\/div>\n<\/div>\n<\/div>\n<\/div>\n<\/div>\n<div class=\"elementor-element elementor-element-undefined-bc15962 e-con-full e-flex e-con e-child\" data-id=\"undefined-bc15962\" data-element_type=\"container\" data-settings=\"{&quot;background_background&quot;:&quot;classic&quot;}\">&nbsp;<\/div>\n<\/div>\n<\/div>\n<\/div>\n<div class=\"elementor-element elementor-element-50dd81b e-flex e-con-boxed e-con e-parent e-lazyloaded\" data-id=\"50dd81b\" data-element_type=\"container\">\n<div class=\"e-con-inner\">\n<div class=\"elementor-element elementor-element-40e8b4e elementor-widget elementor-widget-text-editor\" data-id=\"40e8b4e\" data-element_type=\"widget\" data-widget_type=\"text-editor.default\">\n<div class=\"elementor-widget-container\">\n<h2 class=\"smepPp9 o__9K3pMQ---typography-11-runningText o__9K3pMQ---priority-7-primary _HOcyB x4nptw sxbtulv\" aria-hidden=\"false\" data-hook=\"info-section-title\"><strong>RETOURS ET POLITIQUE DE RETOUR<\/strong><\/h2>\n<div class=\"aecizt QfrfFD cell\">&nbsp;<\/div>\n<div class=\"rah-static rah-static--height-auto\" aria-hidden=\"false\">\n<div class=\"ulKuLk QfrfFD cell\">\n<div class=\"zp8uy2\" data-hook=\"info-section-description\">\n<p>Les retours et les remboursements ne sont pas possibles sur les rouleaux de film personnalis\u00e9s.&nbsp;<\/p>\n<p>Les retours ne sont possibles que pour les rouleaux entiers et les bouteilles d'encre non ouvertes, dans les 5 jours ouvrables suivant la r\u00e9ception. .&nbsp;&nbsp;<\/p><p>En cas de retour, les fonds seront recr\u00e9dit\u00e9s sur le moyen de paiement utilis\u00e9 lors de l'achat.&nbsp;<\/p>\n<\/div>\n<\/div>\n<\/div>\n<\/div>\n<\/div>\n<\/div>\n<\/div>\t\t\t\t\t\t\t\t<\/div>\n\t\t\t\t<\/div>\n\t\t\t\t\t<\/div>\n\t\t\t\t<\/div>\n\t\t\t\t<\/div>","protected":false},"excerpt":{"rendered":"<p>La nostra politica di ordini e spedizioni Procediamo all\u2019evasione degli ordini entro 3 giorni lavorativi dalla data della richiesta.&nbsp; La spedizione avviene in massimo 7 giorni lavorativi dall\u2019ordine. &nbsp; Modalit\u00e0 1 Consegna a domicilio La spedizione avviene entro 7 giorni lavorativi dalla data dell&#8217;ordine. DTFpro affida il vostro ordine nelle mani del corriere, il quale [&hellip;]<\/p>\n","protected":false},"author":1,"featured_media":0,"parent":0,"menu_order":0,"comment_status":"closed","ping_status":"closed","template":"elementor_header_footer","meta":{"zakra_page_container_layout":"customizer","zakra_page_sidebar_layout":"customizer","zakra_remove_content_margin":false,"zakra_sidebar":"customizer","zakra_transparent_header":"customizer","zakra_logo":0,"zakra_main_header_style":"default","zakra_menu_item_color":"","zakra_menu_item_hover_color":"","zakra_menu_item_active_color":"","zakra_menu_active_style":"","zakra_page_header":false,"footnotes":""},"folder":[],"class_list":["post-879","page","type-page","status-publish","hentry"],"_hostinger_reach_plugin_has_subscription_block":false,"_hostinger_reach_plugin_is_elementor":false,"_links":{"self":[{"href":"https:\/\/dtfpro.ch\/fr\/wp-json\/wp\/v2\/pages\/879","targetHints":{"allow":["GET"]}}],"collection":[{"href":"https:\/\/dtfpro.ch\/fr\/wp-json\/wp\/v2\/pages"}],"about":[{"href":"https:\/\/dtfpro.ch\/fr\/wp-json\/wp\/v2\/types\/page"}],"author":[{"embeddable":true,"href":"https:\/\/dtfpro.ch\/fr\/wp-json\/wp\/v2\/users\/1"}],"replies":[{"embeddable":true,"href":"https:\/\/dtfpro.ch\/fr\/wp-json\/wp\/v2\/comments?post=879"}],"version-history":[{"count":5,"href":"https:\/\/dtfpro.ch\/fr\/wp-json\/wp\/v2\/pages\/879\/revisions"}],"predecessor-version":[{"id":6374,"href":"https:\/\/dtfpro.ch\/fr\/wp-json\/wp\/v2\/pages\/879\/revisions\/6374"}],"wp:attachment":[{"href":"https:\/\/dtfpro.ch\/fr\/wp-json\/wp\/v2\/media?parent=879"}],"wp:term":[{"taxonomy":"folder","embeddable":true,"href":"https:\/\/dtfpro.ch\/fr\/wp-json\/wp\/v2\/folder?post=879"}],"curies":[{"name":"wp","href":"https:\/\/api.w.org\/{rel}","templated":true}]}}