{"id":5593,"date":"2025-09-11T13:07:49","date_gmt":"2025-09-11T13:07:49","guid":{"rendered":"https:\/\/dtfpro.ch\/product\/cashew-butter-2\/"},"modified":"2026-02-16T16:30:26","modified_gmt":"2026-02-16T14:30:26","slug":"inchiostro-magenta","status":"publish","type":"product","link":"https:\/\/dtfpro.ch\/fr\/product\/inchiostro-magenta\/","title":{"rendered":"Encre magenta DTF 1lt"},"content":{"rendered":"<p>Encre magenta de qualit\u00e9 sup\u00e9rieure pour l'impression DTF<\/p>\n<p>Am\u00e9liorez vos projets d'impression num\u00e9rique sur textile avec l'encre magenta DTF (Direct-to-Film) de 1 litre, un produit de haute qualit\u00e9 qui garantit des impressions \u00e9clatantes et durables. Con\u00e7ue pour fonctionner parfaitement avec les imprimantes DTF, cette encre offre des tons magenta vifs et fid\u00e8les aux couleurs, garantissant que chaque dessin se d\u00e9marque avec une nettet\u00e9 et une brillance in\u00e9gal\u00e9es. Que vous soyez un professionnel de l'impression de v\u00eatements ou un amateur, cette encre est le choix id\u00e9al pour donner vie \u00e0 vos cr\u00e9ations.<\/p>\n<p>Des couleurs \u00e9clatantes et une fiabilit\u00e9 in\u00e9gal\u00e9e.<\/p>\n<p>L'encre Magenta DTF 1lt est sp\u00e9cialement formul\u00e9e pour garantir des r\u00e9sultats constants et fiables. Sa technologie pigmentaire avanc\u00e9e garantit une forte saturation des couleurs et des nuances uniformes, ce qui la rend id\u00e9ale pour l'impression de motifs complexes sur diff\u00e9rents types de tissus, tels que le coton, le polyester et les tissus mixtes. L'encre est r\u00e9sistante \u00e0 la d\u00e9coloration, ce qui permet d'obtenir des impressions qui conservent leur \u00e9clat m\u00eame apr\u00e8s de nombreux lavages.<\/p>\n<p>Pourquoi choisir l'encre DTF Magenta 1lt ?<\/p>\n<p>Con\u00e7ue pour l'efficacit\u00e9 et la qualit\u00e9, cette encre s'int\u00e8gre parfaitement \u00e0 la plupart des imprimantes DTF, garantissant un fonctionnement fluide sans colmatage ni interruption. Sa formule \u00e0 faible maintenance r\u00e9duit les temps d'arr\u00eat, ce qui permet de gagner du temps et d'augmenter la productivit\u00e9. De plus, sa composition \u00e9cologique en fait un choix responsable pour les utilisateurs soucieux de l'environnement.<\/p>\n<p>D\u00e9couvrez l'\u00e9quilibre parfait entre prix abordable et qualit\u00e9 sup\u00e9rieure. Avec l'encre magenta DTF 1 litre, vous pouvez obtenir des r\u00e9sultats d'impression exceptionnels tout en ma\u00eetrisant vos co\u00fbts de production. Faites passer vos projets d'impression au niveau sup\u00e9rieur gr\u00e2ce \u00e0 cette encre fiable et performante.<\/p>","protected":false},"excerpt":{"rendered":"<h6>Encre magenta DTF 1lt<\/h6>","protected":false},"featured_media":6495,"comment_status":"open","ping_status":"closed","template":"","meta":{"zakra_page_container_layout":"customizer","zakra_page_sidebar_layout":"customizer","zakra_remove_content_margin":false,"zakra_sidebar":"customizer","zakra_transparent_header":"customizer","zakra_logo":0,"zakra_main_header_style":"default","zakra_menu_item_color":"","zakra_menu_item_hover_color":"","zakra_menu_item_active_color":"","zakra_menu_active_style":"","zakra_page_header":true},"product_brand":[],"product_cat":[16],"product_tag":[],"class_list":{"0":"post-5593","1":"product","2":"type-product","3":"status-publish","4":"has-post-thumbnail","6":"product_cat-ink","8":"first","9":"instock","10":"taxable","11":"shipping-taxable","12":"purchasable","13":"product-type-simple"},"_links":{"self":[{"href":"https:\/\/dtfpro.ch\/fr\/wp-json\/wp\/v2\/product\/5593","targetHints":{"allow":["GET"]}}],"collection":[{"href":"https:\/\/dtfpro.ch\/fr\/wp-json\/wp\/v2\/product"}],"about":[{"href":"https:\/\/dtfpro.ch\/fr\/wp-json\/wp\/v2\/types\/product"}],"replies":[{"embeddable":true,"href":"https:\/\/dtfpro.ch\/fr\/wp-json\/wp\/v2\/comments?post=5593"}],"version-history":[{"count":2,"href":"https:\/\/dtfpro.ch\/fr\/wp-json\/wp\/v2\/product\/5593\/revisions"}],"predecessor-version":[{"id":6461,"href":"https:\/\/dtfpro.ch\/fr\/wp-json\/wp\/v2\/product\/5593\/revisions\/6461"}],"wp:featuredmedia":[{"embeddable":true,"href":"https:\/\/dtfpro.ch\/fr\/wp-json\/wp\/v2\/media\/6495"}],"wp:attachment":[{"href":"https:\/\/dtfpro.ch\/fr\/wp-json\/wp\/v2\/media?parent=5593"}],"wp:term":[{"taxonomy":"product_brand","embeddable":true,"href":"https:\/\/dtfpro.ch\/fr\/wp-json\/wp\/v2\/product_brand?post=5593"},{"taxonomy":"product_cat","embeddable":true,"href":"https:\/\/dtfpro.ch\/fr\/wp-json\/wp\/v2\/product_cat?post=5593"},{"taxonomy":"product_tag","embeddable":true,"href":"https:\/\/dtfpro.ch\/fr\/wp-json\/wp\/v2\/product_tag?post=5593"}],"curies":[{"name":"wp","href":"https:\/\/api.w.org\/{rel}","templated":true}]}}