{"id":5594,"date":"2025-09-11T13:07:49","date_gmt":"2025-09-11T13:07:49","guid":{"rendered":"https:\/\/dtfpro.ch\/product\/organic-face-scrub-2\/"},"modified":"2026-02-16T16:31:47","modified_gmt":"2026-02-16T14:31:47","slug":"inchiostro-giallo","status":"publish","type":"product","link":"https:\/\/dtfpro.ch\/fr\/product\/inchiostro-giallo\/","title":{"rendered":"DTF Encre jaune 1lt"},"content":{"rendered":"<p>Am\u00e9liorez vos impressions avec l'encre jaune DTF 1 litre.<\/p>\n<p>L'encre jaune DTF 1 litre est la solution ultime pour des impressions \u00e9clatantes de niveau professionnel. Con\u00e7ue sp\u00e9cialement pour les syst\u00e8mes d'impression directe sur film (DTF), cette encre de haute qualit\u00e9 garantit une pr\u00e9cision des couleurs exceptionnelle, une durabilit\u00e9 et des performances optimales. Qu'il s'agisse de cr\u00e9er des v\u00eatements personnalis\u00e9s, du mat\u00e9riel promotionnel ou des motifs complexes, cette encre jaune DTF est con\u00e7ue pour offrir une brillance et une fiabilit\u00e9 in\u00e9gal\u00e9es \u00e0 chaque fois.<\/p>\n<p>Haute performance et compatibilit\u00e9<\/p>\n<p>Con\u00e7ue pour s'int\u00e9grer parfaitement \u00e0 la plupart des imprimantes DTF, l'encre jaune 1 litre de DTF est formul\u00e9e pour une fluidit\u00e9 et une uniformit\u00e9 d'impression sup\u00e9rieures. Sa viscosit\u00e9 optimis\u00e9e garantit un fonctionnement sans heurts, minimisant le colmatage et les besoins de maintenance. Gr\u00e2ce \u00e0 sa compatibilit\u00e9 universelle, cette encre est parfaite pour une vari\u00e9t\u00e9 d'applications et r\u00e9pond \u00e0 tous vos besoins d'impression.<\/p>\n<p>Elle garantit des r\u00e9sultats exceptionnels sur tous les types de tissus, du coton aux m\u00e9langes de polyester. Sa pigmentation avanc\u00e9e garantit des couleurs vives et \u00e9clatantes qui ressortent, mettant en valeur vos dessins avec des d\u00e9tails extraordinaires.<\/p>\n<p>Une durabilit\u00e9 sur laquelle vous pouvez compter.<\/p>\n<p>L'encre jaune DTF de 1 litre garantit que vos dessins r\u00e9sisteront \u00e0 l'\u00e9preuve du temps. Une fois durcie, l'encre forme une couche robuste qui r\u00e9siste \u00e0 l'usure, \u00e0 la d\u00e9chirure et \u00e0 la d\u00e9coloration, garantissant ainsi la p\u00e9rennit\u00e9 de vos dessins, m\u00eame apr\u00e8s de nombreux lavages. Sa qualit\u00e9 durable en fait le choix id\u00e9al pour cr\u00e9er des produits qui laisseront une impression durable sur vos clients.<\/p>\n<p>Outre sa durabilit\u00e9, cette encre est respectueuse de l'environnement et exempte de produits chimiques nocifs, ce qui contribue \u00e0 un processus d'impression respectueux de l'environnement. Vous pouvez avoir l'esprit tranquille, sachant que vous utilisez un produit de haute qualit\u00e9 conforme aux objectifs de d\u00e9veloppement durable.<br \/>\nPourquoi choisir l'encre jaune DTF 1L ?<\/p>\n<p>Lorsqu'il s'agit d'imprimer des documents DTF, l'encre ad\u00e9quate peut faire toute la diff\u00e9rence. C'est pourquoi l'encre jaune 1lt de DTF se distingue :<\/p>\n<p>- Encre jaune de haute qualit\u00e9 pour un \u00e9clat exceptionnel ;<br \/>\n- Compatibilit\u00e9 parfaite avec les diff\u00e9rentes imprimantes DTF ;<br \/>\n- une meilleure fluidit\u00e9 et un colmatage minimal ;<br \/>\nImpressions durables et r\u00e9sistantes \u00e0 la d\u00e9coloration.<br \/>\nFormule s\u00fbre et respectueuse de l'environnement.<\/p>\n<p>Faites briller chaque impression avec l'encre jaune DTF 1L. Ce produit est con\u00e7u pour r\u00e9pondre aux besoins des professionnels exp\u00e9riment\u00e9s et des d\u00e9butants dans le monde de l'impression, en garantissant des r\u00e9sultats fiables et de haute qualit\u00e9 pour chaque projet.<\/p>","protected":false},"excerpt":{"rendered":"<h6>DTF Encre jaune 1lt<\/h6>","protected":false},"featured_media":6498,"comment_status":"open","ping_status":"closed","template":"","meta":{"zakra_page_container_layout":"customizer","zakra_page_sidebar_layout":"customizer","zakra_remove_content_margin":false,"zakra_sidebar":"customizer","zakra_transparent_header":"customizer","zakra_logo":0,"zakra_main_header_style":"default","zakra_menu_item_color":"","zakra_menu_item_hover_color":"","zakra_menu_item_active_color":"","zakra_menu_active_style":"","zakra_page_header":true},"product_brand":[],"product_cat":[16],"product_tag":[],"class_list":{"0":"post-5594","1":"product","2":"type-product","3":"status-publish","4":"has-post-thumbnail","6":"product_cat-ink","8":"first","9":"instock","10":"featured","11":"taxable","12":"shipping-taxable","13":"purchasable","14":"product-type-simple"},"_links":{"self":[{"href":"https:\/\/dtfpro.ch\/fr\/wp-json\/wp\/v2\/product\/5594","targetHints":{"allow":["GET"]}}],"collection":[{"href":"https:\/\/dtfpro.ch\/fr\/wp-json\/wp\/v2\/product"}],"about":[{"href":"https:\/\/dtfpro.ch\/fr\/wp-json\/wp\/v2\/types\/product"}],"replies":[{"embeddable":true,"href":"https:\/\/dtfpro.ch\/fr\/wp-json\/wp\/v2\/comments?post=5594"}],"version-history":[{"count":2,"href":"https:\/\/dtfpro.ch\/fr\/wp-json\/wp\/v2\/product\/5594\/revisions"}],"predecessor-version":[{"id":6104,"href":"https:\/\/dtfpro.ch\/fr\/wp-json\/wp\/v2\/product\/5594\/revisions\/6104"}],"wp:featuredmedia":[{"embeddable":true,"href":"https:\/\/dtfpro.ch\/fr\/wp-json\/wp\/v2\/media\/6498"}],"wp:attachment":[{"href":"https:\/\/dtfpro.ch\/fr\/wp-json\/wp\/v2\/media?parent=5594"}],"wp:term":[{"taxonomy":"product_brand","embeddable":true,"href":"https:\/\/dtfpro.ch\/fr\/wp-json\/wp\/v2\/product_brand?post=5594"},{"taxonomy":"product_cat","embeddable":true,"href":"https:\/\/dtfpro.ch\/fr\/wp-json\/wp\/v2\/product_cat?post=5594"},{"taxonomy":"product_tag","embeddable":true,"href":"https:\/\/dtfpro.ch\/fr\/wp-json\/wp\/v2\/product_tag?post=5594"}],"curies":[{"name":"wp","href":"https:\/\/api.w.org\/{rel}","templated":true}]}}