{"id":5595,"date":"2025-09-11T13:07:49","date_gmt":"2025-09-11T13:07:49","guid":{"rendered":"https:\/\/dtfpro.ch\/product\/kidney-beans-organic-2\/"},"modified":"2026-02-16T16:33:12","modified_gmt":"2026-02-16T14:33:12","slug":"inchiostro-ciano","status":"publish","type":"product","link":"https:\/\/dtfpro.ch\/fr\/product\/inchiostro-ciano\/","title":{"rendered":"DTF Encre Cyan 1lt"},"content":{"rendered":"<p>Brillance in\u00e9gal\u00e9e des couleurs.<\/p>\n<p>L'encre DTF Cyan de 1 litre est compos\u00e9e de pigments de haute qualit\u00e9 qui produisent des tons cyan extraordinairement vifs. Son rendu des couleurs riche et uniforme garantit que chaque impression est pleine de vie et d'\u00e9nergie. Id\u00e9ale pour donner de la profondeur aux dessins et garantir la fid\u00e9lit\u00e9 des couleurs, cette encre permet \u00e0 vos cr\u00e9ations de se d\u00e9marquer. Dites adieu aux impressions ternes et d\u00e9lav\u00e9es : sa formulation sup\u00e9rieure garantit une vivacit\u00e9 durable pour chaque dessin.<\/p>\n<p>Compatibilit\u00e9 et efficacit\u00e9 exceptionnelles<\/p>\n<p>Cette encre DTF est compatible avec une large gamme d'imprimantes DTF, ce qui en fait une solution pratique pour les entreprises de toutes tailles. Con\u00e7ue pour un \u00e9coulement facile et des performances fluides, elle minimise les probl\u00e8mes de colmatage et d'entretien, vous permettant de vous concentrer sur votre travail. Avec une bouteille g\u00e9n\u00e9reuse de 1 litre, cette encre garantit une utilisation prolong\u00e9e, ce qui en fait un choix \u00e9conomique et id\u00e9al pour r\u00e9pondre aux besoins d'impression \u00e0 haut volume sans compromettre la qualit\u00e9.<\/p>\n<p>Respectueux de l'environnement et sans danger pour l'utilisateur<\/p>\n<p>L'encre cyan 1 litre de DTF offre non seulement des performances sup\u00e9rieures, mais elle est \u00e9galement respectueuse de l'environnement et s\u00fbre pour l'utilisateur. Sa formulation \u00e9cologique permet de r\u00e9duire l'impact sur l'environnement sans compromettre la qualit\u00e9 d'impression. En outre, l'encre est non toxique et s\u00fbre \u00e0 manipuler, ce qui permet une utilisation personnelle et professionnelle en toute s\u00e9r\u00e9nit\u00e9. C'est un choix judicieux pour ceux qui privil\u00e9gient \u00e0 la fois la qualit\u00e9 et la responsabilit\u00e9 environnementale.<\/p>\n<p>La qualit\u00e9 d'impression passe \u00e0 la vitesse sup\u00e9rieure avec l'encre cyan haute performance DTF d'un litre. Con\u00e7ue sp\u00e9cialement pour l'impression directe sur film (DTF), cette encre cyan de haute qualit\u00e9 garantit des couleurs vives, une application fluide et une durabilit\u00e9 exceptionnelle. Que vous soyez un imprimeur professionnel ou un bricoleur, cette encre est un compl\u00e9ment essentiel \u00e0 votre \u00e9quipement et vous permet d'obtenir des r\u00e9sultats professionnels visuellement \u00e9poustouflants.<\/p>\n<p>Donnez vie \u00e0 vos cr\u00e9ations gr\u00e2ce \u00e0 la fiabilit\u00e9 et \u00e0 l'\u00e9clat de l'encre cyan DTF 1 litre. Qu'il s'agisse de graphiques accrocheurs ou de d\u00e9tails complexes, cette encre cyan DTF de haute qualit\u00e9 est la base d'une impression sans faille. Am\u00e9liorez vos flux de travail et obtenez des r\u00e9sultats exceptionnels \u00e0 chaque fois !<\/p>","protected":false},"excerpt":{"rendered":"<h6>DTF Encre Cyan 1lt<\/h6>","protected":false},"featured_media":6499,"comment_status":"open","ping_status":"closed","template":"","meta":{"zakra_page_container_layout":"customizer","zakra_page_sidebar_layout":"customizer","zakra_remove_content_margin":false,"zakra_sidebar":"customizer","zakra_transparent_header":"customizer","zakra_logo":0,"zakra_main_header_style":"default","zakra_menu_item_color":"","zakra_menu_item_hover_color":"","zakra_menu_item_active_color":"","zakra_menu_active_style":"","zakra_page_header":true},"product_brand":[],"product_cat":[16],"product_tag":[],"class_list":{"0":"post-5595","1":"product","2":"type-product","3":"status-publish","4":"has-post-thumbnail","6":"product_cat-ink","8":"first","9":"instock","10":"taxable","11":"shipping-taxable","12":"purchasable","13":"product-type-simple"},"_links":{"self":[{"href":"https:\/\/dtfpro.ch\/fr\/wp-json\/wp\/v2\/product\/5595","targetHints":{"allow":["GET"]}}],"collection":[{"href":"https:\/\/dtfpro.ch\/fr\/wp-json\/wp\/v2\/product"}],"about":[{"href":"https:\/\/dtfpro.ch\/fr\/wp-json\/wp\/v2\/types\/product"}],"replies":[{"embeddable":true,"href":"https:\/\/dtfpro.ch\/fr\/wp-json\/wp\/v2\/comments?post=5595"}],"version-history":[{"count":2,"href":"https:\/\/dtfpro.ch\/fr\/wp-json\/wp\/v2\/product\/5595\/revisions"}],"predecessor-version":[{"id":6105,"href":"https:\/\/dtfpro.ch\/fr\/wp-json\/wp\/v2\/product\/5595\/revisions\/6105"}],"wp:featuredmedia":[{"embeddable":true,"href":"https:\/\/dtfpro.ch\/fr\/wp-json\/wp\/v2\/media\/6499"}],"wp:attachment":[{"href":"https:\/\/dtfpro.ch\/fr\/wp-json\/wp\/v2\/media?parent=5595"}],"wp:term":[{"taxonomy":"product_brand","embeddable":true,"href":"https:\/\/dtfpro.ch\/fr\/wp-json\/wp\/v2\/product_brand?post=5595"},{"taxonomy":"product_cat","embeddable":true,"href":"https:\/\/dtfpro.ch\/fr\/wp-json\/wp\/v2\/product_cat?post=5595"},{"taxonomy":"product_tag","embeddable":true,"href":"https:\/\/dtfpro.ch\/fr\/wp-json\/wp\/v2\/product_tag?post=5595"}],"curies":[{"name":"wp","href":"https:\/\/api.w.org\/{rel}","templated":true}]}}