{"id":5600,"date":"2025-09-11T13:07:50","date_gmt":"2025-09-11T13:07:50","guid":{"rendered":"https:\/\/dtfpro.ch\/product\/farm-fresh-eggs-2\/"},"modified":"2026-03-25T07:08:01","modified_gmt":"2026-03-25T05:08:01","slug":"hot-melt-powder","status":"publish","type":"product","link":"https:\/\/dtfpro.ch\/fr\/product\/hot-melt-powder\/","title":{"rendered":"Colle pour DTF Anti-Sublimation Blanc"},"content":{"rendered":"<p>Nous recommandons notre poudre de transfert DTF premium, avec laquelle vous obtiendrez des impressions vives et durables, parfaites pour vos cr\u00e9ations !<\/p>\n<p>Vous souhaitez am\u00e9liorer la qualit\u00e9 et la durabilit\u00e9 de vos impressions num\u00e9riques ? Notre poudre de transfert DTF (Direct to Film) est la solution id\u00e9ale pour vous. Ce paquet de 1 kg de poudre adh\u00e9sive blanche a \u00e9t\u00e9 sp\u00e9cialement con\u00e7u pour la sublimation et l'impression DTF, ce qui vous permet d'obtenir des r\u00e9sultats exceptionnels sur une large gamme de mat\u00e9riaux. Que vous imprimiez sur des textiles, du cuir ou d'autres surfaces, cette poudre garantit des couleurs vives, une excellente r\u00e9sistance au lavage et un toucher doux et confortable.<\/p>\n<p>En choisissant notre adh\u00e9rence sup\u00e9rieure, vous obtiendrez des r\u00e9sultats durables.<\/p>\n<p>Notre poudre de transfert DTF est la solution id\u00e9ale pour garantir une adh\u00e9rence optimale et cr\u00e9er un lien solide et durable entre l'encre et le support. C'est essentiel pour que vos impressions restent \u00e9clatantes et intactes, m\u00eame apr\u00e8s de nombreux lavages. L'adh\u00e9sif est formul\u00e9 pour s'activer \u00e0 une temp\u00e9rature sp\u00e9cifique, ce qui garantit un transfert sans faille et vraiment durable. Ce processus est con\u00e7u pr\u00e9cis\u00e9ment pour minimiser le risque de craquelure, d'\u00e9caillage ou de d\u00e9coloration, afin que vos dessins puissent r\u00e9sister \u00e0 l'\u00e9preuve du temps. La taille fine des particules est essentielle pour assurer une distribution uniforme et emp\u00eacher la formation de grumeaux, garantissant ainsi une finition lisse et professionnelle \u00e0 chaque fois.<\/p>\n<p>Il est facile \u00e0 utiliser et compatible avec tous les syst\u00e8mes DTF.<\/p>\n<p>Cette poudre DTF est incroyablement facile \u00e0 utiliser et est compatible avec une large gamme d'imprimantes et de films DTF. Il suffit d'appliquer la poudre uniform\u00e9ment sur le film imprim\u00e9, de la faire fondre \u00e0 l'aide d'une presse \u00e0 chaud, puis de transf\u00e9rer le motif sur le mat\u00e9riau souhait\u00e9. Le processus d'application intuitif convient aussi bien aux d\u00e9butants qu'aux professionnels exp\u00e9riment\u00e9s. Notre poudre fonctionne parfaitement avec une vari\u00e9t\u00e9 de substrats, offrant des r\u00e9sultats constants et fiables, et le paquet de 1 kg garantit un approvisionnement suffisant pour de nombreux projets. Il s'agit donc d'un choix \u00e9conomique et efficace pour les entreprises de toutes tailles qui recherchent des r\u00e9sultats de transfert de haute qualit\u00e9. Optimisez le potentiel de vos impressions num\u00e9riques gr\u00e2ce \u00e0 notre poudre fiable et facile \u00e0 utiliser.<\/p>","protected":false},"excerpt":{"rendered":"<h6 id=\"title\" class=\"a-size-large a-spacing-none\"><span id=\"productTitle\" class=\"a-size-large product-title-word-break\">Poudre <\/span><span id=\"productTitle\" class=\"a-size-large product-title-word-break\">DTF White Transfer 1kg<\/span><\/h6>\n<h6 class=\"a-size-large a-spacing-none\"><span id=\"productTitle\" class=\"a-size-large product-title-word-break\"> Adh\u00e9sif thermofusible anti-sublimation<\/span><\/h6>\n<h6 class=\"a-size-large a-spacing-none\"><span id=\"productTitle\" class=\"a-size-large product-title-word-break\">Compatible avec le film et l'imprimante DTF pour des impressions num\u00e9riques sur n'importe quel mat\u00e9riau !<\/span><\/h6>","protected":false},"featured_media":6501,"comment_status":"open","ping_status":"closed","template":"","meta":{"zakra_page_container_layout":"customizer","zakra_page_sidebar_layout":"customizer","zakra_remove_content_margin":false,"zakra_sidebar":"customizer","zakra_transparent_header":"customizer","zakra_logo":0,"zakra_main_header_style":"default","zakra_menu_item_color":"","zakra_menu_item_hover_color":"","zakra_menu_item_active_color":"","zakra_menu_active_style":"","zakra_page_header":true},"product_brand":[],"product_cat":[17],"product_tag":[],"class_list":{"0":"post-5600","1":"product","2":"type-product","3":"status-publish","4":"has-post-thumbnail","6":"product_cat-hot_melt_powder","8":"first","9":"instock","10":"taxable","11":"shipping-taxable","12":"purchasable","13":"product-type-simple"},"_links":{"self":[{"href":"https:\/\/dtfpro.ch\/fr\/wp-json\/wp\/v2\/product\/5600","targetHints":{"allow":["GET"]}}],"collection":[{"href":"https:\/\/dtfpro.ch\/fr\/wp-json\/wp\/v2\/product"}],"about":[{"href":"https:\/\/dtfpro.ch\/fr\/wp-json\/wp\/v2\/types\/product"}],"replies":[{"embeddable":true,"href":"https:\/\/dtfpro.ch\/fr\/wp-json\/wp\/v2\/comments?post=5600"}],"version-history":[{"count":2,"href":"https:\/\/dtfpro.ch\/fr\/wp-json\/wp\/v2\/product\/5600\/revisions"}],"predecessor-version":[{"id":6325,"href":"https:\/\/dtfpro.ch\/fr\/wp-json\/wp\/v2\/product\/5600\/revisions\/6325"}],"wp:featuredmedia":[{"embeddable":true,"href":"https:\/\/dtfpro.ch\/fr\/wp-json\/wp\/v2\/media\/6501"}],"wp:attachment":[{"href":"https:\/\/dtfpro.ch\/fr\/wp-json\/wp\/v2\/media?parent=5600"}],"wp:term":[{"taxonomy":"product_brand","embeddable":true,"href":"https:\/\/dtfpro.ch\/fr\/wp-json\/wp\/v2\/product_brand?post=5600"},{"taxonomy":"product_cat","embeddable":true,"href":"https:\/\/dtfpro.ch\/fr\/wp-json\/wp\/v2\/product_cat?post=5600"},{"taxonomy":"product_tag","embeddable":true,"href":"https:\/\/dtfpro.ch\/fr\/wp-json\/wp\/v2\/product_tag?post=5600"}],"curies":[{"name":"wp","href":"https:\/\/api.w.org\/{rel}","templated":true}]}}