{"id":5601,"date":"2025-09-11T13:07:50","date_gmt":"2025-09-11T13:07:50","guid":{"rendered":"https:\/\/dtfpro.ch\/product\/hand-sanitizer-2\/"},"modified":"2026-02-16T16:25:59","modified_gmt":"2026-02-16T14:25:59","slug":"hand-sanitizer-2","status":"publish","type":"product","link":"https:\/\/dtfpro.ch\/fr\/product\/hand-sanitizer-2\/","title":{"rendered":"DTF Encre blanche 1lt"},"content":{"rendered":"<p>Des performances in\u00e9gal\u00e9es pour des r\u00e9sultats exceptionnels<\/p>\n<p>Am\u00e9liorez la qualit\u00e9 de vos projets d'impression avec l'encre blanche DTF 1lt. Cette encre blanche de haute qualit\u00e9 est sp\u00e9cialement formul\u00e9e pour l'impression directe sur film (DTF), garantissant un \u00e9clat, une couverture et des d\u00e9tails exceptionnels \u00e0 chaque application. Que vous soyez un imprimeur professionnel ou un passionn\u00e9, cette encre blanche est con\u00e7ue pour fournir des r\u00e9sultats coh\u00e9rents et fiables sur diff\u00e9rents types de tissus.<\/p>\n<p>Formule avanc\u00e9e pour la durabilit\u00e9 et la pr\u00e9cision<\/p>\n<p>L'encre blanche DTF 1lt se distingue par sa formule avanc\u00e9e, con\u00e7ue pour produire une opacit\u00e9 des couleurs sans faille tout en conservant sa durabilit\u00e9. Parfaite pour les motifs audacieux et les d\u00e9tails complexes, cette encre offre une excellente adh\u00e9rence au film et se transf\u00e8re facilement sur les tissus, tout en r\u00e9sistant au lavage et au craqu\u00e8lement. Du coton aux m\u00e9langes de polyester, elle garantit une finition durable qui conserve son \u00e9clat au fil du temps.<\/p>\n<p>Id\u00e9al pour un large \u00e9ventail d'applications cr\u00e9atives<\/p>\n<p>Gr\u00e2ce \u00e0 ses capacit\u00e9s polyvalentes, l'encre blanche DTF 1lt est le choix id\u00e9al pour les conceptions personnalis\u00e9es sur les v\u00eatements, les articles promotionnels et les cr\u00e9ations artistiques. Qu'il s'agisse d'imprimer des logos, des graphiques ou des \u0153uvres d'art complexes, cette encre blanche DTF offre des r\u00e9sultats nets, \u00e9clatants et d'aspect professionnel, vous permettant de lib\u00e9rer votre potentiel cr\u00e9atif. Elle est compatible avec la plupart des imprimantes DTF et s'int\u00e8gre parfaitement dans les flux de travail \u00e9tablis, offrant pr\u00e9cision et flexibilit\u00e9 \u00e0 chaque impression.<\/p>\n<p>Pourquoi choisir DTF White Ink 1lt ?<\/p>\n<p>Le choix de la bonne encre est crucial pour des impressions de haute qualit\u00e9 et l'encre blanche DTF 1lt r\u00e9pond \u00e0 tous les besoins. Avec une opacit\u00e9, une durabilit\u00e9 et une fid\u00e9lit\u00e9 des couleurs exceptionnelles, cette encre est appr\u00e9ci\u00e9e des professionnels pour sa fiabilit\u00e9. D\u00e9couvrez sa facilit\u00e9 d'utilisation, son rendement d'impression exceptionnel et la confiance n\u00e9cessaire pour obtenir d'excellents r\u00e9sultats dans chaque projet.<i><\/i><\/p>","protected":false},"excerpt":{"rendered":"<p>Prestazioni senza pari per risultati eccezionali Migliorate la qualit\u00e0 dei vostri progetti di stampa con Inchiostro Bianco DTF 1lt. Questo inchiostro bianco di alta qualit\u00e0 \u00e8 specificamente formulato per la stampa Direct-to-Film (DTF), garantendo vivacit\u00e0, copertura e dettagli eccezionali ad ogni applicazione. Che siate stampatori professionisti o appassionati, questo inchiostro bianco \u00e8 stato progettato per [&hellip;]<\/p>\n","protected":false},"featured_media":6496,"comment_status":"open","ping_status":"closed","template":"","meta":{"zakra_page_container_layout":"customizer","zakra_page_sidebar_layout":"customizer","zakra_remove_content_margin":false,"zakra_sidebar":"customizer","zakra_transparent_header":"customizer","zakra_logo":0,"zakra_main_header_style":"default","zakra_menu_item_color":"","zakra_menu_item_hover_color":"","zakra_menu_item_active_color":"","zakra_menu_active_style":"","zakra_page_header":true},"product_brand":[],"product_cat":[16],"product_tag":[],"class_list":{"0":"post-5601","1":"product","2":"type-product","3":"status-publish","4":"has-post-thumbnail","6":"product_cat-ink","8":"first","9":"instock","10":"featured","11":"taxable","12":"shipping-taxable","13":"purchasable","14":"product-type-simple"},"_links":{"self":[{"href":"https:\/\/dtfpro.ch\/fr\/wp-json\/wp\/v2\/product\/5601","targetHints":{"allow":["GET"]}}],"collection":[{"href":"https:\/\/dtfpro.ch\/fr\/wp-json\/wp\/v2\/product"}],"about":[{"href":"https:\/\/dtfpro.ch\/fr\/wp-json\/wp\/v2\/types\/product"}],"replies":[{"embeddable":true,"href":"https:\/\/dtfpro.ch\/fr\/wp-json\/wp\/v2\/comments?post=5601"}],"version-history":[{"count":2,"href":"https:\/\/dtfpro.ch\/fr\/wp-json\/wp\/v2\/product\/5601\/revisions"}],"predecessor-version":[{"id":6529,"href":"https:\/\/dtfpro.ch\/fr\/wp-json\/wp\/v2\/product\/5601\/revisions\/6529"}],"wp:featuredmedia":[{"embeddable":true,"href":"https:\/\/dtfpro.ch\/fr\/wp-json\/wp\/v2\/media\/6496"}],"wp:attachment":[{"href":"https:\/\/dtfpro.ch\/fr\/wp-json\/wp\/v2\/media?parent=5601"}],"wp:term":[{"taxonomy":"product_brand","embeddable":true,"href":"https:\/\/dtfpro.ch\/fr\/wp-json\/wp\/v2\/product_brand?post=5601"},{"taxonomy":"product_cat","embeddable":true,"href":"https:\/\/dtfpro.ch\/fr\/wp-json\/wp\/v2\/product_cat?post=5601"},{"taxonomy":"product_tag","embeddable":true,"href":"https:\/\/dtfpro.ch\/fr\/wp-json\/wp\/v2\/product_tag?post=5601"}],"curies":[{"name":"wp","href":"https:\/\/api.w.org\/{rel}","templated":true}]}}