{"id":5603,"date":"2025-09-11T13:07:50","date_gmt":"2025-09-11T13:07:50","guid":{"rendered":"https:\/\/dtfpro.ch\/product\/pulses-from-organic-farm-2\/"},"modified":"2026-02-16T16:20:36","modified_gmt":"2026-02-16T14:20:36","slug":"inchiostro-nero","status":"publish","type":"product","link":"https:\/\/dtfpro.ch\/fr\/product\/inchiostro-nero\/","title":{"rendered":"DTF Encre noire 1lt"},"content":{"rendered":"<p>Impression de haute qualit\u00e9.<\/p>\n<p>Obtenez d'excellents r\u00e9sultats avec l'encre noire DTF 1 litre, le choix id\u00e9al pour les applications d'impression directe sur film. Con\u00e7ue pour une excellente qualit\u00e9 d'impression, cette encre noire de haute qualit\u00e9 garantit des couleurs vives, des d\u00e9tails pr\u00e9cis et une durabilit\u00e9 \u00e0 long terme, ce qui la rend id\u00e9ale pour cr\u00e9er des designs saisissants. Qu'il s'agisse de v\u00eatements, d'accessoires ou de mat\u00e9riel promotionnel, cette encre garantit des r\u00e9sultats constants \u00e0 chaque fois.<\/p>\n<p>Optimis\u00e9e pour l'efficacit\u00e9 et la polyvalence, cette encre est la solution id\u00e9ale pour ceux qui recherchent des performances d'impression de haute qualit\u00e9.<\/p>\n<p>L'encre noire DTF 1lt est con\u00e7ue pour fonctionner parfaitement avec les syst\u00e8mes d'impression DTF, garantissant une utilisation facile et des performances fiables. Elle s\u00e8che rapidement, ce qui permet d'optimiser les temps de production et d'am\u00e9liorer la productivit\u00e9. Compatible avec une large gamme de tissus et de surfaces, cette encre r\u00e9pond aux besoins des entreprises, des amateurs et des designers professionnels.<\/p>\n<p>Long\u00e9vit\u00e9 et durabilit\u00e9 exceptionnelles.<\/p>\n<p>Gr\u00e2ce \u00e0 sa formule avanc\u00e9e, l'encre noire DTF 1lt garantit une longue dur\u00e9e de vie et une grande durabilit\u00e9. Les impressions r\u00e9alis\u00e9es avec cette encre conservent leur \u00e9clat et leur qualit\u00e9 m\u00eame apr\u00e8s de nombreux lavages et une usure importante, ce qui garantit que vos cr\u00e9ations restent impeccables au fil du temps. Sa composition riche en pigments emp\u00eache la d\u00e9coloration et le maculage, ce qui en fait la solution id\u00e9ale pour tous vos besoins en mati\u00e8re de cr\u00e9ation et de marquage.<\/p>\n<p>D\u00e9couvrez la fiabilit\u00e9 et la haute performance de l'encre noire DTF 1 litre. Combinez-la avec votre film DTF pr\u00e9f\u00e9r\u00e9 et votre configuration d'impression pour obtenir des r\u00e9sultats exceptionnels qui feront ressortir vos projets. Comptez sur cette encre noire de haute qualit\u00e9 pour am\u00e9liorer votre exp\u00e9rience d'impression.<\/p>","protected":false},"excerpt":{"rendered":"<h6>DTF Encre noire 1lt<\/h6>","protected":false},"featured_media":6497,"comment_status":"open","ping_status":"closed","template":"","meta":{"zakra_page_container_layout":"customizer","zakra_page_sidebar_layout":"customizer","zakra_remove_content_margin":false,"zakra_sidebar":"customizer","zakra_transparent_header":"customizer","zakra_logo":0,"zakra_main_header_style":"default","zakra_menu_item_color":"","zakra_menu_item_hover_color":"","zakra_menu_item_active_color":"","zakra_menu_active_style":"","zakra_page_header":true},"product_brand":[],"product_cat":[16],"product_tag":[],"class_list":{"0":"post-5603","1":"product","2":"type-product","3":"status-publish","4":"has-post-thumbnail","6":"product_cat-ink","8":"first","9":"instock","10":"featured","11":"taxable","12":"shipping-taxable","13":"purchasable","14":"product-type-simple"},"_links":{"self":[{"href":"https:\/\/dtfpro.ch\/fr\/wp-json\/wp\/v2\/product\/5603","targetHints":{"allow":["GET"]}}],"collection":[{"href":"https:\/\/dtfpro.ch\/fr\/wp-json\/wp\/v2\/product"}],"about":[{"href":"https:\/\/dtfpro.ch\/fr\/wp-json\/wp\/v2\/types\/product"}],"replies":[{"embeddable":true,"href":"https:\/\/dtfpro.ch\/fr\/wp-json\/wp\/v2\/comments?post=5603"}],"version-history":[{"count":2,"href":"https:\/\/dtfpro.ch\/fr\/wp-json\/wp\/v2\/product\/5603\/revisions"}],"predecessor-version":[{"id":6470,"href":"https:\/\/dtfpro.ch\/fr\/wp-json\/wp\/v2\/product\/5603\/revisions\/6470"}],"wp:featuredmedia":[{"embeddable":true,"href":"https:\/\/dtfpro.ch\/fr\/wp-json\/wp\/v2\/media\/6497"}],"wp:attachment":[{"href":"https:\/\/dtfpro.ch\/fr\/wp-json\/wp\/v2\/media?parent=5603"}],"wp:term":[{"taxonomy":"product_brand","embeddable":true,"href":"https:\/\/dtfpro.ch\/fr\/wp-json\/wp\/v2\/product_brand?post=5603"},{"taxonomy":"product_cat","embeddable":true,"href":"https:\/\/dtfpro.ch\/fr\/wp-json\/wp\/v2\/product_cat?post=5603"},{"taxonomy":"product_tag","embeddable":true,"href":"https:\/\/dtfpro.ch\/fr\/wp-json\/wp\/v2\/product_tag?post=5603"}],"curies":[{"name":"wp","href":"https:\/\/api.w.org\/{rel}","templated":true}]}}