{"id":5604,"date":"2025-09-11T13:07:50","date_gmt":"2025-09-11T13:07:50","guid":{"rendered":"https:\/\/dtfpro.ch\/product\/handpicked-red-chillies-2\/"},"modified":"2026-02-16T16:28:47","modified_gmt":"2026-02-16T14:28:47","slug":"dtf-film-hot-peel-double-coated-anti-static-600mmx100m","status":"publish","type":"product","link":"https:\/\/dtfpro.ch\/fr\/product\/dtf-film-hot-peel-double-coated-anti-static-600mmx100m\/","title":{"rendered":"DTF Film - Film thermocollant - Double couche - Antistatique - 600mm x 100m"},"content":{"rendered":"<p>R\u00e9alisez des impressions \u00e9clatantes avec notre film DTF de qualit\u00e9 sup\u00e9rieure<\/p>\n<p>Vous cherchez \u00e0 am\u00e9liorer vos capacit\u00e9s d'impression directe sur film (DTF) ? Notre film DTF haut de gamme offre des performances et une fiabilit\u00e9 exceptionnelles pour tous vos besoins en mati\u00e8re de d\u00e9coration de tissus. Con\u00e7u pour une utilisation facile et des r\u00e9sultats sup\u00e9rieurs, ce film garantit des impressions \u00e9clatantes, durables et accrocheuses. Ce film convient \u00e0 une large gamme d'applications textiles et offre une qualit\u00e9 professionnelle \u00e0 chaque fois.<\/p>\n<p>Pelage \u00e0 chaud, double couche et antistatique pour une impression ininterrompue<\/p>\n<p>Notre film DTF se d\u00e9tache \u00e0 chaud, ce qui permet un retrait rapide et efficace apr\u00e8s le pressage \u00e0 chaud. La surface \u00e0 double rev\u00eatement garantit une adh\u00e9rence optimale de l'encre et emp\u00eache les bavures, ce qui permet d'obtenir des impressions nettes et propres. Les propri\u00e9t\u00e9s antistatiques de ce film minimisent l'attraction de la poussi\u00e8re, garantissant un processus d'impression fluide et r\u00e9duisant le risque d'imperfections. Avec une largeur de 600 mm et une longueur de 100 m, ce rouleau fournit suffisamment de mat\u00e9riel pour les productions \u00e0 grande \u00e9chelle. Le film DTF est con\u00e7u pour fonctionner parfaitement avec une vari\u00e9t\u00e9 d'imprimantes et d'encres DTF, offrant ainsi polyvalence et compatibilit\u00e9 \u00e0 votre entreprise.<\/p>\n<p>Principales caract\u00e9ristiques et avantages de notre film DTF<\/p>\n<p>Investir dans des mat\u00e9riaux de haute qualit\u00e9 est essentiel pour obtenir des r\u00e9sultats professionnels en mati\u00e8re d'impression DTF. Notre film DTF offre de nombreux avantages, notamment<\/p>\n<p>Technologie Hot Peel : pour un retrait rapide et facile.<\/p>\n<p>Double couche : assure une excellente adh\u00e9rence de l'encre et des couleurs vives.<\/p>\n<p>Propri\u00e9t\u00e9s antistatiques : minimise l'attraction de la poussi\u00e8re et pr\u00e9vient les taches.<br \/>\nRouleau de grande taille : 600 mm x 100 m pour la production \u00e0 grande \u00e9chelle.<br \/>\nCompatibilit\u00e9 polyvalente : fonctionne avec diverses imprimantes et encres DTF.<\/p>\n<p>Am\u00e9liorez votre processus d'impression avec notre film DTF et constatez la diff\u00e9rence en termes de qualit\u00e9 et d'efficacit\u00e9. Commandez d\u00e8s aujourd'hui et commencez \u00e0 cr\u00e9er des impressions \u00e9tonnantes et durables qui se d\u00e9marquent de la foule !<\/p>","protected":false},"excerpt":{"rendered":"<p>Double couche - Antistatique - 600mm x 100m<\/p>","protected":false},"featured_media":5679,"comment_status":"open","ping_status":"closed","template":"","meta":{"zakra_page_container_layout":"customizer","zakra_page_sidebar_layout":"customizer","zakra_remove_content_margin":false,"zakra_sidebar":"customizer","zakra_transparent_header":"customizer","zakra_logo":0,"zakra_main_header_style":"default","zakra_menu_item_color":"","zakra_menu_item_hover_color":"","zakra_menu_item_active_color":"","zakra_menu_active_style":"","zakra_page_header":true},"product_brand":[],"product_cat":[25],"product_tag":[],"class_list":{"0":"post-5604","1":"product","2":"type-product","3":"status-publish","4":"has-post-thumbnail","6":"product_cat-hot_peel_film-2","8":"first","9":"instock","10":"featured","11":"taxable","12":"shipping-taxable","13":"purchasable","14":"product-type-simple"},"_links":{"self":[{"href":"https:\/\/dtfpro.ch\/fr\/wp-json\/wp\/v2\/product\/5604","targetHints":{"allow":["GET"]}}],"collection":[{"href":"https:\/\/dtfpro.ch\/fr\/wp-json\/wp\/v2\/product"}],"about":[{"href":"https:\/\/dtfpro.ch\/fr\/wp-json\/wp\/v2\/types\/product"}],"replies":[{"embeddable":true,"href":"https:\/\/dtfpro.ch\/fr\/wp-json\/wp\/v2\/comments?post=5604"}],"version-history":[{"count":1,"href":"https:\/\/dtfpro.ch\/fr\/wp-json\/wp\/v2\/product\/5604\/revisions"}],"predecessor-version":[{"id":6530,"href":"https:\/\/dtfpro.ch\/fr\/wp-json\/wp\/v2\/product\/5604\/revisions\/6530"}],"wp:featuredmedia":[{"embeddable":true,"href":"https:\/\/dtfpro.ch\/fr\/wp-json\/wp\/v2\/media\/5679"}],"wp:attachment":[{"href":"https:\/\/dtfpro.ch\/fr\/wp-json\/wp\/v2\/media?parent=5604"}],"wp:term":[{"taxonomy":"product_brand","embeddable":true,"href":"https:\/\/dtfpro.ch\/fr\/wp-json\/wp\/v2\/product_brand?post=5604"},{"taxonomy":"product_cat","embeddable":true,"href":"https:\/\/dtfpro.ch\/fr\/wp-json\/wp\/v2\/product_cat?post=5604"},{"taxonomy":"product_tag","embeddable":true,"href":"https:\/\/dtfpro.ch\/fr\/wp-json\/wp\/v2\/product_tag?post=5604"}],"curies":[{"name":"wp","href":"https:\/\/api.w.org\/{rel}","templated":true}]}}